{"id":14,"date":"2019-03-03T17:56:45","date_gmt":"2019-03-03T16:56:45","guid":{"rendered":"http:\/\/localhost\/wordpress\/index.php\/agb\/"},"modified":"2023-05-15T10:02:40","modified_gmt":"2023-05-15T08:02:40","slug":"agb","status":"publish","type":"page","link":"https:\/\/shop.saddleshop-aachen.de\/index.php\/shop\/agb\/","title":{"rendered":"Allgemeine Gesch\u00e4ftsbedingungen"},"content":{"rendered":"\n<p>(mit gesetzlichen Informationen)<br><\/p>\n\n\n\n<h4>Anbieterkennung<\/h4>\n\n\n\n<p>Saddleshop-Aachen<br>Birgit K\u00fcpper<br>Malmedyer Str. 52<br>52156 Monschau<\/p>\n\n\n\n<p><\/p>\n\n\n\n<h4>1. Geltungsbereich<\/h4>\n\n\n\n<p>F\u00fcr alle Lieferungen von Saddleshop-Aachen an Verbraucher (\u00a7 13 BGB) gelten diese Allgemeinen Gesch\u00e4ftsbedingungen (AGB).<\/p>\n\n\n\n<p><\/p>\n\n\n\n<h4>2. Vertragspartner<\/h4>\n\n\n\n<p>Der Kaufvertrag kommt zustande mit dem: Saddleshop-Aachen Online  Shop, Inhaber Birgit K\u00fcpper, Malmedyer Str. 52, 52156 Monschau.<\/p>\n\n\n\n<p><\/p>\n\n\n\n<h4>3. Angebot und Vertragsschluss<\/h4>\n\n\n\n<p>3.1 Die Darstellung der Produkte im Online-Shop stellt kein  rechtlich bindendes Angebot, sondern eine Aufforderung zur Bestellung  dar. Irrt\u00fcmer vorbehalten.<br>3.2 Durch Anklicken des Buttons [Bestellen] geben Sie eine  verbindliche Bestellung der auf der Bestellseite aufgelisteten Waren ab.  Der Kaufvertrag kommt zustande, wenn wir Ihre Bestellung durch eine  Auftragsbest\u00e4tigung per E-Mail unmittelbar nach dem Erhalt Ihrer  Bestellung annehmen.<\/p>\n\n\n\n<p><\/p>\n\n\n\n<h4>4. Widerrufsrecht<\/h4>\n\n\n\n<p>4.1 Verbraucher haben ein 14-t\u00e4giges Widerrufsrufsrecht<br><\/p>\n\n\n\n<h4>Widerrufsbelehrung<\/h4>\n\n\n\n<h4>Widerrufsrecht<\/h4>\n\n\n\n<p>Sie k\u00f6nnen Ihre Vertragserkl\u00e4rung innerhalb von zwei Wochen ohne  Angabe von Gr\u00fcnden in Textform (z. B. Brief, E-Mail) oder &#8211; wenn  Ihnen die Sache vor Fristablauf \u00fcberlassen wird &#8211; durch R\u00fccksendung der  Sache widerrufen. Die Frist beginnt nach Erhalt dieser Belehrung in  Textform, jedoch nicht vor Eingang der Ware beim Empf\u00e4nger (bei der  wiederkehrenden Lieferung gleichartiger Waren nicht vor dem Eingang der  ersten Teillieferung) und auch nicht vor Erf\u00fcllung unserer  Informationspflichten gem\u00e4\u00df \u00a7 312c Abs. 2 BGB in Verbindung mit \u00a7 1 Abs.  1, 2 und 4 BGB-InfoV sowie unserer Pflichten gem\u00e4\u00df \u00a7 312e Abs. 1 Satz 1  BGB in Verbindung mit \u00a7 3 BGB-InfoV. Zur Wahrung der Widerrufsfrist  gen\u00fcgt die rechtzeitige Absendung des Widerrufs oder der Sache. Der  Widerruf ist zu richten an:<br>Saddleshop-Aachen, Inhaber Birgit K\u00fcpper, Malmedyer Str. 52, 52156 Monschau, Tel.: +49 (0) 2472-9703174,  Email: info@saddleshop-aachen.de<\/p>\n\n\n\n<p>Widerrufsfolgen<\/p>\n\n\n\n<p>Im Falle eines wirksamen Widerrufs sind die beiderseits empfangenen  Leistungen zur\u00fcckzugew\u00e4hren und ggf. gezogene Nutzungen (z. B. Zinsen)  herauszugeben. K\u00f6nnen Sie uns die empfangene Leistung ganz oder  teilweise nicht oder nur in verschlechtertem Zustand zur\u00fcckgew\u00e4hren,  m\u00fcssen Sie uns insoweit ggf. Wertersatz leisten. Bei der \u00dcberlassung von  Sachen gilt dies nicht, wenn die Verschlechterung der Sache  ausschlie\u00dflich auf deren Pr\u00fcfung &#8211; wie sie Ihnen etwa im Ladengesch\u00e4ft  m\u00f6glich gewesen w\u00e4re &#8211; zur\u00fcckzuf\u00fchren ist. Im \u00fcbrigen k\u00f6nnen Sie die  Pflicht zum Wertersatz f\u00fcr eine durch die bestimmungsgem\u00e4\u00dfe  Ingebrauchnahme der Sache entstandene Verschlechterung vermeiden, indem  Sie die Sache nicht wie Ihr Eigentum in Gebrauch nehmen und alles  unterlassen, was deren Wert beeintr\u00e4chtigt. Paketversandf\u00e4hige Sachen  sind auf unsere Gefahr zur\u00fcckzusenden. Sie haben die Kosten der  R\u00fccksendung zu tragen, wenn die gelieferte Ware der bestellten  entspricht und wenn der Preis der zur\u00fcckzusendenden Sache einen Betrag  von 40 Euro nicht \u00fcbersteigt oder wenn Sie bei einem h\u00f6heren Preis der  Sache zum Zeitpunkt des Widerrufs noch nicht die Gegenleistung oder eine  vertraglich vereinbarte Teilzahlung erbracht haben. Anderenfalls ist  die R\u00fccksendung f\u00fcr Sie kostenfrei. Nicht paketversandf\u00e4hige Sachen  werden bei Ihnen abgeholt. Verpflichtungen zur Erstattung von Zahlungen  m\u00fcssen innerhalb von 30 Tagen erf\u00fcllt werden. Die Frist beginnt f\u00fcr Sie  mit der Absendung Ihrer Widerrufserkl\u00e4rung oder der Sache, f\u00fcr uns mit  deren Empfang.<br>Ende der Widerrufsbelehrung<\/p>\n\n\n\n<p>4.2 Das Widerrufsrecht besteht nicht bei Lieferung von Waren, die  nach Kundenspezifikation angefertigt werden (z. B. T-Shirts mit Ihrem  Foto und Ihrem Namen) oder eindeutig auf die pers\u00f6nlichen Bed\u00fcrfnisse  zugeschnitten sind.<br>4.3 Senden Sie die Ware bitte als versichertes Paket an uns zur\u00fcck  und bewahren Sie den Einlieferungsbeleg auf. Wir erstatten Ihnen auch gern  auf Wunsch vorab die Portokosten, sofern diese nicht von Ihnen selbst zu  tragen sind.<br>4.4 Bitte rufen Sie vor R\u00fccksendung unter der Telefonnummer +49 (0)  2472-9703174 bei uns an, um die R\u00fccksendung anzuk\u00fcndigen. Auf diese  Weise erm\u00f6glichen Sie uns eine schnellstm\u00f6gliche Zuordnung der Produkte.<br>4.5 Bitte beachten Sie, dass die in den Abs\u00e4tzen 4.3 bis 4.5  genannten Modalit\u00e4ten nicht Voraussetzung f\u00fcr die wirksame Aus\u00fcbung des  Widerrufsrechts sind.<\/p>\n\n\n\n<p><\/p>\n\n\n\n<h4>5. Preise und Versandkosten<\/h4>\n\n\n\n<p>5.1 Die auf den Produktseiten genannten Preise enthalten die gesetzliche Mehrwertsteuer und sonstige Preisbestandteile.<br>5.2 Zus\u00e4tzlich zu den angegebenen Preisen berechnen wir f\u00fcr die  Lieferung innerhalb Deutschlands pauschal 7,49 \u20ac pro Bestellung, f\u00fcr  die Lieferung innerhalb der EU pauschal 9,49 \u20ac pro Bestellung. Die  Versandkosten werden Ihnen auf den Produktseiten, im Warenkorbsystem und  auf der Bestellseite nochmals deutlich mitgeteilt.<br><\/p>\n\n\n\n<h4>6. Lieferung<\/h4>\n\n\n\n<p>6.1 Die Lieferung erfolgt innerhalb Deutschlands mit DHL oder DPD. Weitere L\u00e4nder auf Anfrage.<br>6.2 Die Lieferzeit wird Ihnen nach Eingang der Bestellung  mitgeteilt. Ware die sofort verf\u00fcgbar ist, wird innerhalb von 5  Werktagen ausgeliefert.<\/p>\n\n\n\n<p><\/p>\n\n\n\n<h4>7. Zahlung<\/h4>\n\n\n\n<p>7.1 Die Zahlung erfolgt \u00fcber PayPal. \u00dcber unseren Dienstleister PayPal sind Zahlungen wahlweise \u00fcber PayPal-Account, Lastschrift oder Kreditkarte m\u00f6glich. <br>7.2 Ein Recht zur Aufrechnung steht Ihnen nur dann zu, wenn Ihre  Gegenanspr\u00fcche rechtskr\u00e4ftig gerichtlich festgestellt oder unbestritten  sind oder schriftlich durch uns anerkannt wurden.<br>7.3 Sie k\u00f6nnen ein Zur\u00fcckbehaltungsrecht nur aus\u00fcben, soweit die Anspr\u00fcche aus dem gleichen Vertragsverh\u00e4ltnis resultieren.<\/p>\n\n\n\n<p><\/p>\n\n\n\n<h4>8. Eigentumsvorbehalt<\/h4>\n\n\n\n<p>Bis zur vollst\u00e4ndigen Zahlung bleibt die Ware unser Eigentum.<\/p>\n\n\n\n<p><\/p>\n\n\n\n<h4>9. Gew\u00e4hrleistung<\/h4>\n\n\n\n<p>Die Gew\u00e4hrleistung erfolgt nach den gesetzlichen Bestimmungen. Bei  allen w\u00e4hrend der gesetzlichen Gew\u00e4hrleistungsfrist von zwei Jahren ab  Lieferung auftretenden M\u00e4ngeln haben Sie das gesetzliche Recht auf  Nacherf\u00fcllung  (nach Ihrer Wahl: Mangelbeseitigung oder Neulieferung)  und &#8211; bei Vorliegen der gesetzlichen Voraussetzungen &#8211; die gesetzlichen  Rechte auf Minderung oder R\u00fccktritt sowie daneben auf Schadensersatz.<\/p>\n\n\n\n<p><\/p>\n\n\n\n<h4>Weitere Informationen<\/h4>\n\n\n\n<h4>Bestellvorgang<\/h4>\n\n\n\n<p>Wenn Sie das gew\u00fcnschte Produkt gefunden haben, k\u00f6nnen Sie dieses  unverbindlich durch Anklicken des Buttons [in den Warenkorb] in den Warenkorb  legen. Den Inhalt des Warenkorbs k\u00f6nnen Sie jederzeit durch Anklicken  des Buttons [Warenkorb] unverbindlich ansehen. Die Produkte k\u00f6nnen jederzeit wieder aus dem Warenkorb entfernt werden [Checkbox Entfernen  in der Warenkorbansicht]. Wenn Sie die Produkte im Warenkorb kaufen  wollen, klicken Sie den Button [weiter zur Kasse]. Bitte geben Sie dann Ihre Daten  ein. Die Pflichtangaben sind mit einem * gekennzeichnet. Eine  Registrierung ist erforderlich. Ihre Daten werden verschl\u00fcsselt  \u00fcbertragen. Nach Eingabe Ihrer Daten und Auswahl der Zahlungsart  gelangen Sie \u00fcber den Button [jetzt kaufen] zur Bestellseite, auf der Sie  Ihre Eingaben nochmals \u00fcberpr\u00fcfen k\u00f6nnen. Durch Anklicken des Buttons  [jetzt kaufen] schlie\u00dfen Sie den Bestellvorgang ab. Der Vorgang l\u00e4sst sich  jederzeit durch Schlie\u00dfen des Browser-Fensters abbrechen. Auf den  einzelnen Seiten erhalten Sie weitere Informationen, z. B. zu  Korrekturm\u00f6glichkeiten.<\/p>\n\n\n\n<p><\/p>\n\n\n\n<h4>Vertragstext<\/h4>\n\n\n\n<p>Der Vertragstext wird auf unseren internen Systemen gespeichert. Die  Allgemeinen Gesch\u00e4ftsbedingungen k\u00f6nnen Sie jederzeit auf dieser Seite  einsehen. Die Bestelldaten und der Hinweis auf unsere AGB werden Ihnen  per Email zugesendet.  <\/p>\n\n\n<div class=\"woocommerce woocommerce-gzd woocommerce-gzd-complaints-shortcode\">\n    <h3>Alternative Streitbeilegung gem\u00e4\u00df Art. 14 Abs. 1 ODR-VO und \u00a7 36 VSBG:<\/h3>\n\n<p>Die Europ\u00e4ische Kommission stellt eine Plattform zur Online-Streitbeilegung (OS) bereit, die du unter <a href=\"https:\/\/ec.europa.eu\/consumers\/odr\" target=\"_blank\">https:\/\/ec.europa.eu\/consumers\/odr<\/a> findest. Wir sind bereit, an einem au\u00dfergerichtlichen Schlichtungsverfahren teilzunehmen.<\/p>\n<\/div>","protected":false},"excerpt":{"rendered":"<p>(mit gesetzlichen Informationen) Anbieterkennung Saddleshop-AachenBirgit K\u00fcpperMalmedyer Str. 5252156 Monschau 1. Geltungsbereich F\u00fcr alle Lieferungen von Saddleshop-Aachen an Verbraucher (\u00a7 13 BGB) gelten diese Allgemeinen Gesch\u00e4ftsbedingungen (AGB). 2. Vertragspartner Der Kaufvertrag kommt zustande mit dem: Saddleshop-Aachen Online Shop, Inhaber Birgit K\u00fcpper, Malmedyer Str. 52, 52156 Monschau. 3. Angebot und Vertragsschluss 3.1 Die Darstellung der Produkte im [&hellip;]<\/p>\n","protected":false},"author":1,"featured_media":0,"parent":7,"menu_order":0,"comment_status":"closed","ping_status":"closed","template":"","meta":{"spay_email":""},"jetpack_shortlink":"https:\/\/wp.me\/PaN5Yn-e","_links":{"self":[{"href":"https:\/\/shop.saddleshop-aachen.de\/index.php\/wp-json\/wp\/v2\/pages\/14"}],"collection":[{"href":"https:\/\/shop.saddleshop-aachen.de\/index.php\/wp-json\/wp\/v2\/pages"}],"about":[{"href":"https:\/\/shop.saddleshop-aachen.de\/index.php\/wp-json\/wp\/v2\/types\/page"}],"author":[{"embeddable":true,"href":"https:\/\/shop.saddleshop-aachen.de\/index.php\/wp-json\/wp\/v2\/users\/1"}],"replies":[{"embeddable":true,"href":"https:\/\/shop.saddleshop-aachen.de\/index.php\/wp-json\/wp\/v2\/comments?post=14"}],"version-history":[{"count":13,"href":"https:\/\/shop.saddleshop-aachen.de\/index.php\/wp-json\/wp\/v2\/pages\/14\/revisions"}],"predecessor-version":[{"id":2784,"href":"https:\/\/shop.saddleshop-aachen.de\/index.php\/wp-json\/wp\/v2\/pages\/14\/revisions\/2784"}],"up":[{"embeddable":true,"href":"https:\/\/shop.saddleshop-aachen.de\/index.php\/wp-json\/wp\/v2\/pages\/7"}],"wp:attachment":[{"href":"https:\/\/shop.saddleshop-aachen.de\/index.php\/wp-json\/wp\/v2\/media?parent=14"}],"curies":[{"name":"wp","href":"https:\/\/api.w.org\/{rel}","templated":true}]}}