{"id":15,"date":"2019-03-03T17:56:45","date_gmt":"2019-03-03T16:56:45","guid":{"rendered":"http:\/\/localhost\/wordpress\/index.php\/widerrufsbelehrung\/"},"modified":"2023-05-15T09:57:26","modified_gmt":"2023-05-15T07:57:26","slug":"widerrufsbelehrung","status":"publish","type":"page","link":"https:\/\/shop.saddleshop-aachen.de\/index.php\/shop\/widerrufsbelehrung\/","title":{"rendered":"Widerrufsbelehrung"},"content":{"rendered":"\n<p>Verbraucher haben ein 14-t\u00e4giges Widerrufsrufsrecht<\/p>\n\n\n\n<p>1. Widerrufsbelehrung<\/p>\n\n\n\n<p>Sie k\u00f6nnen Ihre Vertragserkl\u00e4rung innerhalb von zwei Wochen ohne  Angabe von Gr\u00fcnden in Textform (z. B. Brief, E-Mail) oder &#8211; wenn  Ihnen die Sache vor Fristablauf \u00fcberlassen wird &#8211; durch R\u00fccksendung der  Sache widerrufen. Die Frist beginnt nach Erhalt dieser Belehrung in  Textform, jedoch nicht vor Eingang der Ware beim Empf\u00e4nger (bei der  wiederkehrenden Lieferung gleichartiger Waren nicht vor dem Eingang der  ersten Teillieferung) und auch nicht vor Erf\u00fcllung unserer  Informationspflichten gem\u00e4\u00df \u00a7 312c Abs. 2 BGB in Verbindung mit \u00a7 1 Abs.  1, 2 und 4 BGB-InfoV sowie unserer Pflichten gem\u00e4\u00df \u00a7 312e Abs. 1 Satz 1  BGB in Verbindung mit \u00a7 3 BGB-InfoV. Zur Wahrung der Widerrufsfrist  gen\u00fcgt die rechtzeitige Absendung des Widerrufs oder der Sache. Der  Widerruf ist zu richten an:<br>Saddleshop-Aachen, Inhaber Birgit K\u00fcpper, Malmedyer Str. 52, 52156 Monschau, Tel.: +49 (0) 2472-9703174,  Email: info@saddleshop-aachen.de<\/p>\n\n\n\n<p>1.1 Widerrufsfolgen     <\/p>\n\n\n\n<p>Im Falle eines wirksamen Widerrufs sind die beiderseits empfangenen  Leistungen zur\u00fcckzugew\u00e4hren und ggf. gezogene Nutzungen (z. B. Zinsen)  herauszugeben. K\u00f6nnen Sie uns die empfangene Leistung ganz oder  teilweise nicht oder nur in verschlechtertem Zustand zur\u00fcckgew\u00e4hren,  m\u00fcssen Sie uns insoweit ggf. Wertersatz leisten. Bei der \u00dcberlassung von  Sachen gilt dies nicht, wenn die Verschlechterung der Sache  ausschlie\u00dflich auf deren Pr\u00fcfung &#8211; wie sie Ihnen etwa im Ladengesch\u00e4ft  m\u00f6glich gewesen w\u00e4re &#8211; zur\u00fcckzuf\u00fchren ist. Im \u00fcbrigen k\u00f6nnen Sie die  Pflicht zum Wertersatz f\u00fcr eine durch die bestimmungsgem\u00e4\u00dfe  Ingebrauchnahme der Sache entstandene Verschlechterung vermeiden, indem  Sie die Sache nicht wie Ihr Eigentum in Gebrauch nehmen und alles  unterlassen, was deren Wert beeintr\u00e4chtigt. Paketversandf\u00e4hige Sachen  sind auf unsere Gefahr zur\u00fcckzusenden. Sie haben die Kosten der  R\u00fccksendung zu tragen, wenn die gelieferte Ware der bestellten  entspricht und wenn der Preis der zur\u00fcckzusendenden Sache einen Betrag  von 40 Euro nicht \u00fcbersteigt oder wenn Sie bei einem h\u00f6heren Preis der  Sache zum Zeitpunkt des Widerrufs noch nicht die Gegenleistung oder eine  vertraglich vereinbarte Teilzahlung erbracht haben. Anderenfalls ist  die R\u00fccksendung f\u00fcr Sie kostenfrei. Nicht paketversandf\u00e4hige Sachen  werden bei Ihnen abgeholt. Verpflichtungen zur Erstattung von Zahlungen  m\u00fcssen innerhalb von 30 Tagen erf\u00fcllt werden. Die Frist beginnt f\u00fcr Sie  mit der Absendung Ihrer Widerrufserkl\u00e4rung oder der Sache, f\u00fcr uns mit  deren Empfang.<br>Ende der Widerrufsbelehrung<\/p>\n\n\n\n<p> 2. Das Widerrufsrecht besteht nicht bei Lieferung von Waren, die  nach Kundenspezifikation angefertigt werden (z. B. T-Shirts mit Ihrem  Foto und Ihrem Namen) oder eindeutig auf die pers\u00f6nlichen Bed\u00fcrfnisse  zugeschnitten sind.<\/p>\n\n\n\n<p>3. Senden Sie die Ware bitte als versichertes Paket an uns zur\u00fcck  und bewahren Sie den Einlieferungsbeleg auf. Wir erstatten Ihnen auch gern  auf Wunsch vorab die Portokosten, sofern diese nicht von Ihnen selbst zu  tragen sind.<\/p>\n\n\n\n<p>4. Bitte rufen Sie vor R\u00fccksendung unter der Telefonnummer +49 (0)  2472-9703174 bei uns an, um die R\u00fccksendung anzuk\u00fcndigen. Auf diese  Weise erm\u00f6glichen Sie uns eine schnellstm\u00f6gliche Zuordnung der Produkte.<\/p>\n\n\n\n<p>5. Bitte beachten Sie, dass die in den Abs\u00e4tzen 3 bis 5  genannten Modalit\u00e4ten nicht Voraussetzung f\u00fcr die wirksame Aus\u00fcbung des  Widerrufsrechts sind.<br><\/p>\n","protected":false},"excerpt":{"rendered":"<p>Verbraucher haben ein 14-t\u00e4giges Widerrufsrufsrecht 1. Widerrufsbelehrung Sie k\u00f6nnen Ihre Vertragserkl\u00e4rung innerhalb von zwei Wochen ohne Angabe von Gr\u00fcnden in Textform (z. B. Brief, E-Mail) oder &#8211; wenn Ihnen die Sache vor Fristablauf \u00fcberlassen wird &#8211; durch R\u00fccksendung der Sache widerrufen. Die Frist beginnt nach Erhalt dieser Belehrung in Textform, jedoch nicht vor Eingang der [&hellip;]<\/p>\n","protected":false},"author":1,"featured_media":0,"parent":7,"menu_order":0,"comment_status":"closed","ping_status":"closed","template":"","meta":{"spay_email":""},"jetpack_shortlink":"https:\/\/wp.me\/PaN5Yn-f","_links":{"self":[{"href":"https:\/\/shop.saddleshop-aachen.de\/index.php\/wp-json\/wp\/v2\/pages\/15"}],"collection":[{"href":"https:\/\/shop.saddleshop-aachen.de\/index.php\/wp-json\/wp\/v2\/pages"}],"about":[{"href":"https:\/\/shop.saddleshop-aachen.de\/index.php\/wp-json\/wp\/v2\/types\/page"}],"author":[{"embeddable":true,"href":"https:\/\/shop.saddleshop-aachen.de\/index.php\/wp-json\/wp\/v2\/users\/1"}],"replies":[{"embeddable":true,"href":"https:\/\/shop.saddleshop-aachen.de\/index.php\/wp-json\/wp\/v2\/comments?post=15"}],"version-history":[{"count":7,"href":"https:\/\/shop.saddleshop-aachen.de\/index.php\/wp-json\/wp\/v2\/pages\/15\/revisions"}],"predecessor-version":[{"id":2782,"href":"https:\/\/shop.saddleshop-aachen.de\/index.php\/wp-json\/wp\/v2\/pages\/15\/revisions\/2782"}],"up":[{"embeddable":true,"href":"https:\/\/shop.saddleshop-aachen.de\/index.php\/wp-json\/wp\/v2\/pages\/7"}],"wp:attachment":[{"href":"https:\/\/shop.saddleshop-aachen.de\/index.php\/wp-json\/wp\/v2\/media?parent=15"}],"curies":[{"name":"wp","href":"https:\/\/api.w.org\/{rel}","templated":true}]}}