{"id":16,"date":"2019-03-03T17:56:45","date_gmt":"2019-03-03T16:56:45","guid":{"rendered":"http:\/\/localhost\/wordpress\/index.php\/versandarten\/"},"modified":"2020-08-16T19:21:49","modified_gmt":"2020-08-16T17:21:49","slug":"versandarten","status":"publish","type":"page","link":"https:\/\/shop.saddleshop-aachen.de\/index.php\/shop\/versandarten\/","title":{"rendered":"Versandarten"},"content":{"rendered":"\n<p>Der Versand erfolgt \u00fcber unseren Versandpartner DHL.<br>F\u00fcr jede Bestellung wird eine Versandkostenpauschale berechnet. Diese variiert in Abh\u00e4ngigkeit von den zu versenden Artikeln.<\/p>\n\n\n\n<p>F\u00fcr den Versand von Artikeln in Standardgr\u00f6\u00dfe und Gewicht betr\u00e4gt die Versandkostenpauschale 7,49\u20ac. F\u00fcr Artikel die bedingt durch ihre Gr\u00f6\u00dfe oder Gewicht gesondert behandelt werden, betr\u00e4gt die Versandkostenpauschale 9,49\u20ac.<\/p>\n\n\n\n<p>Die jeweils geltenden Versandkosten werden vor Abschlu\u00df der Bestellung in der Zusammenfassung explizit ausgewiesen.<\/p>\n","protected":false},"excerpt":{"rendered":"<p>Der Versand erfolgt \u00fcber unseren Versandpartner DHL.F\u00fcr jede Bestellung wird eine Versandkostenpauschale berechnet. Diese variiert in Abh\u00e4ngigkeit von den zu versenden Artikeln. F\u00fcr den Versand von Artikeln in Standardgr\u00f6\u00dfe und Gewicht betr\u00e4gt die Versandkostenpauschale 7,49\u20ac. F\u00fcr Artikel die bedingt durch ihre Gr\u00f6\u00dfe oder Gewicht gesondert behandelt werden, betr\u00e4gt die Versandkostenpauschale 9,49\u20ac. Die jeweils geltenden Versandkosten [&hellip;]<\/p>\n","protected":false},"author":1,"featured_media":0,"parent":7,"menu_order":0,"comment_status":"closed","ping_status":"closed","template":"","meta":{"spay_email":""},"jetpack_shortlink":"https:\/\/wp.me\/PaN5Yn-g","_links":{"self":[{"href":"https:\/\/shop.saddleshop-aachen.de\/index.php\/wp-json\/wp\/v2\/pages\/16"}],"collection":[{"href":"https:\/\/shop.saddleshop-aachen.de\/index.php\/wp-json\/wp\/v2\/pages"}],"about":[{"href":"https:\/\/shop.saddleshop-aachen.de\/index.php\/wp-json\/wp\/v2\/types\/page"}],"author":[{"embeddable":true,"href":"https:\/\/shop.saddleshop-aachen.de\/index.php\/wp-json\/wp\/v2\/users\/1"}],"replies":[{"embeddable":true,"href":"https:\/\/shop.saddleshop-aachen.de\/index.php\/wp-json\/wp\/v2\/comments?post=16"}],"version-history":[{"count":4,"href":"https:\/\/shop.saddleshop-aachen.de\/index.php\/wp-json\/wp\/v2\/pages\/16\/revisions"}],"predecessor-version":[{"id":1518,"href":"https:\/\/shop.saddleshop-aachen.de\/index.php\/wp-json\/wp\/v2\/pages\/16\/revisions\/1518"}],"up":[{"embeddable":true,"href":"https:\/\/shop.saddleshop-aachen.de\/index.php\/wp-json\/wp\/v2\/pages\/7"}],"wp:attachment":[{"href":"https:\/\/shop.saddleshop-aachen.de\/index.php\/wp-json\/wp\/v2\/media?parent=16"}],"curies":[{"name":"wp","href":"https:\/\/api.w.org\/{rel}","templated":true}]}}