{"id":1923,"date":"2020-11-29T18:30:53","date_gmt":"2020-11-29T17:30:53","guid":{"rendered":"https:\/\/shop.saddleshop-aachen.de\/?page_id=1923"},"modified":"2020-11-29T18:30:54","modified_gmt":"2020-11-29T17:30:54","slug":"unsere-sattelproben","status":"publish","type":"page","link":"https:\/\/shop.saddleshop-aachen.de\/index.php\/unsere-sattelproben\/","title":{"rendered":"Unsere Sattelproben"},"content":{"rendered":"\n<h1><\/h1>\n\n\n\n<h3>Wo?:<\/h3>\n\n\n\n<p>Alle St\u00e4lle in Nordrhein-Westfalen, Rheinland-Pfalz, Hessen, Niederlande, Belgien, Luxembourg.<\/p>\n\n\n\n<h3>Wann?:<\/h3>\n\n\n\n<p>Termine sind grunds\u00e4tzlich auch kurzfristig m\u00f6glich, wir versuchen unseren Kunden einen Termin innerhalb der n\u00e4chsten 14 Tage anzubieten.<\/p>\n\n\n\n<h3>Wie?:<\/h3>\n\n\n\n<p>Nachdem wir \u00fcber das <strong><a href=\"https:\/\/shop.saddleshop-aachen.de\/index.php\/datenblatt-sattelanprobe\/\" data-type=\"page\" data-id=\"157\">Datenblatt zur Sattelanprobe<\/a><\/strong> alle Einzelheiten im Vorfeld gekl\u00e4rt haben, machen wir einen Termin zur Sattelprobe aus. Der auf Ihre Bed\u00fcrfnisse und W\u00fcnsche best\u00fcckte Wagen kommt zur Sattelprobe an Ihren Stall und wir passen die S\u00e4ttel an (bei Einstellbaren) oder schauen was f\u00fcr Sie und Ihre Pferd in Frage kommt. Sie k\u00f6nnen nun den\/die S\u00e4ttel ausgiebig testen.<br>F\u00fcr die Anprobe sollten Sie 2-3 Stunden Zeit einplanen.<\/p>\n","protected":false},"excerpt":{"rendered":"<p>Wo?: Alle St\u00e4lle in Nordrhein-Westfalen, Rheinland-Pfalz, Hessen, Niederlande, Belgien, Luxembourg. Wann?: Termine sind grunds\u00e4tzlich auch kurzfristig m\u00f6glich, wir versuchen unseren Kunden einen Termin innerhalb der n\u00e4chsten 14 Tage anzubieten. Wie?: Nachdem wir \u00fcber das Datenblatt zur Sattelanprobe alle Einzelheiten im Vorfeld gekl\u00e4rt haben, machen wir einen Termin zur Sattelprobe aus. Der auf Ihre Bed\u00fcrfnisse und [&hellip;]<\/p>\n","protected":false},"author":1,"featured_media":0,"parent":0,"menu_order":0,"comment_status":"closed","ping_status":"closed","template":"","meta":{"spay_email":""},"jetpack_shortlink":"https:\/\/wp.me\/PaN5Yn-v1","_links":{"self":[{"href":"https:\/\/shop.saddleshop-aachen.de\/index.php\/wp-json\/wp\/v2\/pages\/1923"}],"collection":[{"href":"https:\/\/shop.saddleshop-aachen.de\/index.php\/wp-json\/wp\/v2\/pages"}],"about":[{"href":"https:\/\/shop.saddleshop-aachen.de\/index.php\/wp-json\/wp\/v2\/types\/page"}],"author":[{"embeddable":true,"href":"https:\/\/shop.saddleshop-aachen.de\/index.php\/wp-json\/wp\/v2\/users\/1"}],"replies":[{"embeddable":true,"href":"https:\/\/shop.saddleshop-aachen.de\/index.php\/wp-json\/wp\/v2\/comments?post=1923"}],"version-history":[{"count":1,"href":"https:\/\/shop.saddleshop-aachen.de\/index.php\/wp-json\/wp\/v2\/pages\/1923\/revisions"}],"predecessor-version":[{"id":1924,"href":"https:\/\/shop.saddleshop-aachen.de\/index.php\/wp-json\/wp\/v2\/pages\/1923\/revisions\/1924"}],"wp:attachment":[{"href":"https:\/\/shop.saddleshop-aachen.de\/index.php\/wp-json\/wp\/v2\/media?parent=1923"}],"curies":[{"name":"wp","href":"https:\/\/api.w.org\/{rel}","templated":true}]}}