{"id":1926,"date":"2020-11-29T18:34:17","date_gmt":"2020-11-29T17:34:17","guid":{"rendered":"https:\/\/shop.saddleshop-aachen.de\/?page_id=1926"},"modified":"2020-11-29T18:34:20","modified_gmt":"2020-11-29T17:34:20","slug":"die-passformueberpruefung","status":"publish","type":"page","link":"https:\/\/shop.saddleshop-aachen.de\/index.php\/die-passformueberpruefung\/","title":{"rendered":"Die Pa\u00dfform\u00fcberpr\u00fcfung"},"content":{"rendered":"\n<h1><\/h1>\n\n\n\n<p>Unabh\u00e4ngig ob Sie bei uns bereits einen Sattel gekauft haben, \u00fcberpr\u00fcfen wir gerne die Passform Ihres Sattels. Um nicht in die Zwickm\u00fchle eines wirtschaftlich handelnden Unternehmens zu kommen, bei minimalen Passformproblemen gleich zu einem neuen Sattel zu raten, kostet dieser Service Geld. Die Geb\u00fchren finden Sie unter Die Kosten. Somit k\u00f6nnen Sie sich sicher sein, dass Sie bei einer Passform\u00fcberpr\u00fcfung auch seri\u00f6s und Ihrem Sinne beraten werden.<\/p>\n\n\n\n<p>Sind Sie Kunde von uns, so haben wir bei der 1. Sattelprobe ein Datenblatt von Ihrem Pferd angelegt und Ihr Pferd hat eine Akte bei uns. Da Pferde sich st\u00e4ndig ver\u00e4ndern, k\u00f6nnen kleinere Ver\u00e4nderungen zu Problemen mit dem Sattel f\u00fchren.<br>Daher empfehlen wir allen Kunden die Passform in regelm\u00e4\u00dfigen Abst\u00e4nden \u00fcberpr\u00fcfen zu lassen. So wird eine Sch\u00e4digung der Muskulatur verhindert und Kosten durch Tierarzt und\/oder Osteopath gespart.<\/p>\n\n\n\n<p>Bei der Passform\u00fcberpr\u00fcfung wird entweder das bereits vorhandene Datenblatt erg\u00e4nzt oder ein neues angelegt. Hier werden alle Daten rund um Pferd und Reiter festgehalten. Anschlie\u00dfend wird das Pferd ohne Sattel dokumentiert und Auff\u00e4lligkeiten notiert und erkl\u00e4rt. Dann kommt der Sattel dazu und die Passform wird \u00fcberpr\u00fcft. Wir arbeiten hierbei nicht mit Computersatteldruckmatten, da die Auswertung dieser Ergebnisse reine Auslegungssache ist und f\u00fcr den Kunden genau so auf Vertrauen basiert wie bei der analogen Methode.<\/p>\n","protected":false},"excerpt":{"rendered":"<p>Unabh\u00e4ngig ob Sie bei uns bereits einen Sattel gekauft haben, \u00fcberpr\u00fcfen wir gerne die Passform Ihres Sattels. Um nicht in die Zwickm\u00fchle eines wirtschaftlich handelnden Unternehmens zu kommen, bei minimalen Passformproblemen gleich zu einem neuen Sattel zu raten, kostet dieser Service Geld. Die Geb\u00fchren finden Sie unter Die Kosten. Somit k\u00f6nnen Sie sich sicher sein, [&hellip;]<\/p>\n","protected":false},"author":1,"featured_media":0,"parent":0,"menu_order":0,"comment_status":"closed","ping_status":"closed","template":"","meta":{"spay_email":""},"jetpack_shortlink":"https:\/\/wp.me\/PaN5Yn-v4","_links":{"self":[{"href":"https:\/\/shop.saddleshop-aachen.de\/index.php\/wp-json\/wp\/v2\/pages\/1926"}],"collection":[{"href":"https:\/\/shop.saddleshop-aachen.de\/index.php\/wp-json\/wp\/v2\/pages"}],"about":[{"href":"https:\/\/shop.saddleshop-aachen.de\/index.php\/wp-json\/wp\/v2\/types\/page"}],"author":[{"embeddable":true,"href":"https:\/\/shop.saddleshop-aachen.de\/index.php\/wp-json\/wp\/v2\/users\/1"}],"replies":[{"embeddable":true,"href":"https:\/\/shop.saddleshop-aachen.de\/index.php\/wp-json\/wp\/v2\/comments?post=1926"}],"version-history":[{"count":1,"href":"https:\/\/shop.saddleshop-aachen.de\/index.php\/wp-json\/wp\/v2\/pages\/1926\/revisions"}],"predecessor-version":[{"id":1927,"href":"https:\/\/shop.saddleshop-aachen.de\/index.php\/wp-json\/wp\/v2\/pages\/1926\/revisions\/1927"}],"wp:attachment":[{"href":"https:\/\/shop.saddleshop-aachen.de\/index.php\/wp-json\/wp\/v2\/media?parent=1926"}],"curies":[{"name":"wp","href":"https:\/\/api.w.org\/{rel}","templated":true}]}}