{"id":1929,"date":"2020-11-29T18:36:07","date_gmt":"2020-11-29T17:36:07","guid":{"rendered":"https:\/\/shop.saddleshop-aachen.de\/?page_id=1929"},"modified":"2021-07-05T14:08:56","modified_gmt":"2021-07-05T12:08:56","slug":"unser-service","status":"publish","type":"page","link":"https:\/\/shop.saddleshop-aachen.de\/index.php\/unser-service\/","title":{"rendered":"Unser Service"},"content":{"rendered":"\n<h1><\/h1>\n\n\n\n<p>Wir arbeiten mit verschiedenen Sattlereien zusammen und bieten eine gro\u00dfe Auswahl an verschiedenen Marken und Modellen an. Somit sind wir nicht an einen Hersteller gebunden, sondern k\u00f6nnen Ihnen ein breit gef\u00e4chertes Angebot darbieten.<\/p>\n\n\n\n<p>Ebenso bieten wir nicht nur S\u00e4ttel &#8220;von der Stange&#8221; an, sondern lassen durch unsere Sattlerei-Partnerbetriebe auch Ihren Wunschsattel, individuell nach Ihren Vorgaben, bauen.<\/p>\n\n\n\n<p>Oft kommt es vor, dass Kunden zu lange warten und mit dem nicht mehr passenden Sattel noch weiter reiten. Da die Muskulatur des Pferdes immer schw\u00e4cher ist als der Sattelbaum, formt letztlich der Sattel das Pferd. Bekommen wir nun solch ein Pferd pr\u00e4sentiert, welches sich Muskul\u00e4r durch einen nicht passenden Sattel ver\u00e4ndert hat und w\u00fcrden auf diese K\u00f6rperform anpassen, frieren wir unter Umst\u00e4nden diesen Zustand ein. Durch die Jahre lange Erfahrung und die entsprechende Ausbildung im Hinblick auf die Biomechanik des Pferdes , k\u00f6nnen wir Ihnen hier L\u00f6sungen aufzeigen, damit Ihr Pferd die M\u00f6glichkeit bekommt, die gesch\u00e4digte Muskulatur wieder aufzubauen. Weitere Informationen finden Sie hier: <a href=\"https:\/\/page.saddleshop-aachen.de\/index.php\/component\/sppagebuilder\/?view=page&amp;id=2\" data-type=\"URL\" data-id=\"https:\/\/page.saddleshop-aachen.de\/index.php\/component\/sppagebuilder\/?view=page&amp;id=2\">Equine-Osteopathie<\/a><\/p>\n\n\n\n<p>Dar\u00fcber hinaus werden Sie hier nicht nur von einer Sattelfachfrau mit \u00fcber 20 j\u00e4hriger Selbstst\u00e4ndigkeit in diesem Beruf beraten. Biggi K\u00fcpper ist Trainerin B Westernreiten sowie Pr\u00fcferin Breitsport der EWU (Erste Westernreiter Union Deutschland e.V.). Sie reitet selbst aktiv und bildet Reiter wie Pferde aus. Ihr Hauptaugenmerk liegt dabei auf der Biomechanik des Pferdes, hier bietet sie neben den Sattelseminaren auch immer wieder Kurse zu diesem Thema an.<br>F\u00fcr unsere Kunden mit Jungpferden bieten wir L\u00f6sungen mit verstellbaren B\u00e4umen an. So ist sichergestellt, dass Ihr Pferd im Wachstum nicht durch einen schlecht passenden Sattel behindert wird und Sie nicht st\u00e4ndig einen neuen Sattel kaufen m\u00fcssen.<\/p>\n","protected":false},"excerpt":{"rendered":"<p>Wir arbeiten mit verschiedenen Sattlereien zusammen und bieten eine gro\u00dfe Auswahl an verschiedenen Marken und Modellen an. Somit sind wir nicht an einen Hersteller gebunden, sondern k\u00f6nnen Ihnen ein breit gef\u00e4chertes Angebot darbieten. Ebenso bieten wir nicht nur S\u00e4ttel &#8220;von der Stange&#8221; an, sondern lassen durch unsere Sattlerei-Partnerbetriebe auch Ihren Wunschsattel, individuell nach Ihren Vorgaben, [&hellip;]<\/p>\n","protected":false},"author":1,"featured_media":0,"parent":0,"menu_order":0,"comment_status":"closed","ping_status":"closed","template":"","meta":{"spay_email":""},"jetpack_shortlink":"https:\/\/wp.me\/PaN5Yn-v7","_links":{"self":[{"href":"https:\/\/shop.saddleshop-aachen.de\/index.php\/wp-json\/wp\/v2\/pages\/1929"}],"collection":[{"href":"https:\/\/shop.saddleshop-aachen.de\/index.php\/wp-json\/wp\/v2\/pages"}],"about":[{"href":"https:\/\/shop.saddleshop-aachen.de\/index.php\/wp-json\/wp\/v2\/types\/page"}],"author":[{"embeddable":true,"href":"https:\/\/shop.saddleshop-aachen.de\/index.php\/wp-json\/wp\/v2\/users\/1"}],"replies":[{"embeddable":true,"href":"https:\/\/shop.saddleshop-aachen.de\/index.php\/wp-json\/wp\/v2\/comments?post=1929"}],"version-history":[{"count":3,"href":"https:\/\/shop.saddleshop-aachen.de\/index.php\/wp-json\/wp\/v2\/pages\/1929\/revisions"}],"predecessor-version":[{"id":2140,"href":"https:\/\/shop.saddleshop-aachen.de\/index.php\/wp-json\/wp\/v2\/pages\/1929\/revisions\/2140"}],"wp:attachment":[{"href":"https:\/\/shop.saddleshop-aachen.de\/index.php\/wp-json\/wp\/v2\/media?parent=1929"}],"curies":[{"name":"wp","href":"https:\/\/api.w.org\/{rel}","templated":true}]}}