{"id":1932,"date":"2020-11-29T18:37:52","date_gmt":"2020-11-29T17:37:52","guid":{"rendered":"https:\/\/shop.saddleshop-aachen.de\/?page_id=1932"},"modified":"2023-03-14T08:48:27","modified_gmt":"2023-03-14T07:48:27","slug":"die-kosten","status":"publish","type":"page","link":"https:\/\/shop.saddleshop-aachen.de\/index.php\/die-kosten\/","title":{"rendered":"Die Kosten"},"content":{"rendered":"\n<h1><\/h1>\n\n\n\n<h3>Kosten f\u00fcr eine Sattelprobe<\/h3>\n\n\n\n<p><strong>220,00 \u20ac<\/strong>, welche jedoch bei Kauf eines Sattels entfallen.<\/p>\n\n\n\n<h3>Kosten bei Kauf eines Sattels<\/h3>\n\n\n\n<p>Egal ob Sie einen Gebrauchten oder einen neuen Sattel bei uns kaufen, im Kaufpreis sind alle Kosten sowie Steuer, etc. mit Ausnahme der Fahrtkosten enthalten.<\/p>\n\n\n\n<h3>Kosten f\u00fcr eine Passform\u00fcberpr\u00fcfung und\/oder eine osteopathische Behandlung<\/h3>\n\n\n\n<h4>F\u00fcr Stammkunden, die einen bei uns gekauften Sattel \u00fcberpr\u00fcfen lassen:<\/h4>\n\n\n\n<h4>Care-Programm Teilnehmer:<\/h4>\n\n\n\n<p>Quartalskunden: 135,00 \u20ac<br>Halbjahreskunden: 165,00 \u20ac<\/p>\n\n\n\n<h4>Sattelkunden ohne Care-Programm: 190,00 \u20ac<\/h4>\n\n\n\n<p><\/p>\n\n\n\n<h4>F\u00fcr Kunden die einen Sattel, der nicht bei uns gekauft wurde \u00fcberpr\u00fcfen lassen, oder eine reine Osteopathiebehandlung w\u00fcnschen<\/h4>\n\n\n\n<p>Eine Passform\u00fcberpr\u00fcfung inkl. einer osteopathischen Behandlung kostet <strong>220,00 \u20ac<\/strong>.<br>In der Passform\u00fcberpr\u00fcfung ist ein Osteopathischer Check Up inkl. Behandlung enthalten.<br>Eine Passform\u00fcberpr\u00fcfung bei Neukunden dauert 1,5-2 Stunden und wird im T\u00e4tigkeitsfeld der Osteopathiepraxis vorgenommen. Hier finden oft mehrere Termine an einem Tag statt.<br>Hierf\u00fcr kommt weder das gro\u00dfe Sattelfahrzeug noch werden die Zeitfenster von bis zu 5 Stunden, welche f\u00fcr eine Anprobe eingeplant wird, kalkuliert.<br>W\u00fcnschen Sie den Kauf eines Sattels, m\u00fcssen Sie eine Sattelprobe buchen.<br>Das Sattelfahrzeug f\u00fcr eine Passform\u00fcberpr\u00fcfung zu buchen ist nicht m\u00f6glich.<br>Sollten Sie nach der Passform\u00fcberpr\u00fcfung einen Sattel kaufen wollen, so kommen wir an einem 2. Termin zu Ihnen.<\/p>\n\n\n\n<p><strong>Alle Preise verstehen sich zzgl. Fahrtkosten welche 0,85 \u20ac\/km betragen, jedoch 85,00 \u20ac nicht \u00fcbersteigen.*<\/strong><\/p>\n\n\n\n<p>*Im Umkreis von 300 km rund um Aachen. Weitere Entfernungen auf Anfrage.<br><\/p>\n","protected":false},"excerpt":{"rendered":"<p>Kosten f\u00fcr eine Sattelprobe 220,00 \u20ac, welche jedoch bei Kauf eines Sattels entfallen. Kosten bei Kauf eines Sattels Egal ob Sie einen Gebrauchten oder einen neuen Sattel bei uns kaufen, im Kaufpreis sind alle Kosten sowie Steuer, etc. mit Ausnahme der Fahrtkosten enthalten. Kosten f\u00fcr eine Passform\u00fcberpr\u00fcfung und\/oder eine osteopathische Behandlung F\u00fcr Stammkunden, die einen [&hellip;]<\/p>\n","protected":false},"author":1,"featured_media":0,"parent":0,"menu_order":0,"comment_status":"closed","ping_status":"closed","template":"","meta":{"spay_email":""},"jetpack_shortlink":"https:\/\/wp.me\/PaN5Yn-va","_links":{"self":[{"href":"https:\/\/shop.saddleshop-aachen.de\/index.php\/wp-json\/wp\/v2\/pages\/1932"}],"collection":[{"href":"https:\/\/shop.saddleshop-aachen.de\/index.php\/wp-json\/wp\/v2\/pages"}],"about":[{"href":"https:\/\/shop.saddleshop-aachen.de\/index.php\/wp-json\/wp\/v2\/types\/page"}],"author":[{"embeddable":true,"href":"https:\/\/shop.saddleshop-aachen.de\/index.php\/wp-json\/wp\/v2\/users\/1"}],"replies":[{"embeddable":true,"href":"https:\/\/shop.saddleshop-aachen.de\/index.php\/wp-json\/wp\/v2\/comments?post=1932"}],"version-history":[{"count":10,"href":"https:\/\/shop.saddleshop-aachen.de\/index.php\/wp-json\/wp\/v2\/pages\/1932\/revisions"}],"predecessor-version":[{"id":2754,"href":"https:\/\/shop.saddleshop-aachen.de\/index.php\/wp-json\/wp\/v2\/pages\/1932\/revisions\/2754"}],"wp:attachment":[{"href":"https:\/\/shop.saddleshop-aachen.de\/index.php\/wp-json\/wp\/v2\/media?parent=1932"}],"curies":[{"name":"wp","href":"https:\/\/api.w.org\/{rel}","templated":true}]}}