{"id":1935,"date":"2020-11-29T18:45:05","date_gmt":"2020-11-29T17:45:05","guid":{"rendered":"https:\/\/shop.saddleshop-aachen.de\/?page_id=1935"},"modified":"2022-04-28T10:48:46","modified_gmt":"2022-04-28T08:48:46","slug":"finanzierung-eines-westernsattels","status":"publish","type":"page","link":"https:\/\/shop.saddleshop-aachen.de\/index.php\/finanzierung-eines-westernsattels\/","title":{"rendered":"Finanzierung eines Westernsattels"},"content":{"rendered":"\n<h4><\/h4>\n\n\n\n<p><strong>Sie m\u00f6chten einen Sattel auf Raten kaufen?<\/strong><\/p>\n\n\n\n<p>Kein Problem. Beim Kauf eines neuen Sattels bieten wir unseren Kunden die 0%-Finanzierung an. \u00dcber diese Finanzierung k\u00f6nnen Sie sowohl Ihren neuen Sattel als auch Zubeh\u00f6r wie Trense, Pad oder Gebiss, etc. ab 250,00 \u20ac bis zu 5.000,00 \u20ac finanzieren.<br>Es entstehen Ihnen keine weiteren Kosten oder Zinszahlungen.<\/p>\n\n\n\n<p><strong>Beispiel:<\/strong> Sie kaufen einen Sattel f\u00fcr 1.200,00 \u20ac und finanzieren diesen \u00fcber unsere 0%-Finanzierung. Dann zahlen Sie 12 Monate lang pro Monat 100,00 \u20ac an unsere Partnerbank und der Sattel geh\u00f6rt Ihnen. Keine Geb\u00fchren, keine Zinsen, keine weitere Kosten. Den Sattel erhalten Sie nat\u00fcrlich bevor Sie die 1. Rate leisten. Eine Anzahlung ist auch nicht n\u00f6tig.<\/p>\n\n\n\n<p>Sprechen Sie mich einfach an, ich berate Sie gerne bei Ihren Fragen.<\/p>\n\n\n\n<p>Im nachfolgenden Formular werden alle Daten aufgelistet, die zur Finanzierung \u00fcber das Kreditinstitut ben\u00f6tigt werden. Aus Datenschutzgr\u00fcnden werden diese Daten bei Vertragsabschlu\u00df direkt vom Kreditinstitut erhoben und verarbeitet.<\/p>\n\n\n\n\n        <fieldset>\n            <legend><strong>Meine pers\u00f6nlichen Daten<\/strong><\/legend>\n        \n            <label for=\"Vorname\"><strong>Vorname<\/strong><\/label><br>\n            <br>\n            <label for=\"Nachname\"><strong>Nachname<\/strong><\/label><br>\n            <br>\n            <label for=\"Strasse\"><strong>Strasse und Hausnummer<\/strong><\/label><br>\n            <br>\n            <label for=\"PLZ\"><strong>PLZ<\/strong><\/label><br>\n            <br>\n            <label for=\"Ort\"><strong>Ort<\/strong><\/label><br>\n            <br>\n            <label for=\"Telefon\"><strong>Telefon<\/strong><\/label><br>\n            <br>\n            <label for=\"Mobiltelefon\"><strong>Mobiltelefon<\/strong><\/label><br>\n            <br>\n            <label for=\"Email\"><strong>Email<\/strong><\/label><br>\n            <br>                \n            <label for=\"seit_wohn\"><strong>Seit wann wohnen Sie unter der obigen Adresse<\/strong><\/label><br>\n            <br>\n            Wohnen sie noch keine 2 Jahre in oben genannter Adresse,<br>bitte nun die vorherige Adresse angeben<br>\n            <label for=\"ALTStrasse\"><strong>Strasse und Hausnummer<\/strong><\/label><br>\n            <br>\n            <label for=\"ALTPLZ\"><strong>PLZ<\/strong><\/label><br>\n            <br>\n            <label for=\"ALTOrt\"><strong>Ort<\/strong><\/label><br>\n            <br>\n            <label for=\"Geburtsdatum\"><strong>Geburtsdatum<\/strong><\/label><br>\n            <br>\n            <label for=\"Geburtsort\"><strong>Geburtsort<\/strong><\/label><br>\n            <br>\n            <label for=\"Geburtsname\"><strong>Geburtsname<\/strong><\/label><br>\n            <br>\n            <label for=\"Staatsangehoerigkeit\"><strong>Staatsangeh\u00f6rigkeit<\/strong><\/label><br>\n            <br>\n            <label for=\"Personr\"><strong>Personalausweisnummer<\/strong><\/label><br>\n            <br>\n            <label for=\"Reisepassnr\"><strong>(Alternativ) Reisepassnummer<\/strong><\/label><br>\n            <br>\n            <label for=\"Behoerde\"><strong>Ausstellende Beh\u00f6rde<\/strong><\/label><br>\n            <br>\n            <label for=\"ausgestellt\"><strong>Ausstellungsdatum<\/strong><\/label><br>\n            <br>\n            <label for=\"gueltig_bis\"><strong>G\u00fcltig bis<\/strong><\/label><br>\n            <br>\n            <strong>Familienstand:<\/strong><br>\n            \n            <label for=\"ledig\">ledig<\/label>              \n            \n            <label for=\"verheiratet\">verheiratet<\/label>\n            \n            <label for=\"geschieden\">geschieden<\/label>\n            \n            <label for=\"verwitwet\">verwitwet<\/label><br>\n            <label for=\"Kinder\"><strong>Wie viele unterhaltspflichtige Kinder leben in Ihrem Haushalt<\/strong><\/label><br>\n            <br>\n            <strong>Ist ein PKW vorhanden:<\/strong><br>\n            \n            <label for=\"PKW\">Ja<\/label>              \n            \n            <label for=\"keinPKW\">Nein<\/label><br>\n            <strong>Wohnungsart:<\/strong><br>\n            \n            <label for=\"Miete\">Miete<\/label>              \n            \n            <label for=\"Eigentum\">Eigentum<\/label> \n            \n            <label for=\"Eltern\">Eltern<\/label><br>\n            \n        <\/fieldset>\n        <fieldset>\n            <legend><strong>Rund um das Arbeitsverh\u00e4ltnis<\/strong><\/legend>\n            <strong>Arbeitsverh\u00e4ltnis:<\/strong><br>\n            \n            <label for=\"Angestellt\">Angestellter\/e<\/label>              \n            \n            <label for=\"Arbeiter\">Arbeiter\/in<\/label> \n            \n            <label for=\"Beamter\">Beamter\/in<\/label><br>\n            <label for=\"Arbeitgeber\"><strong>Arbeitgeber (Firmenname und Ort mit PLZ)<\/strong><\/label><br>\n            <br>\n            <label for=\"Branche\"><strong>Branche (Firmenname und Ort mit PLZ)<\/strong><\/label><br>\n            <br>\n            <label for=\"seit_wann_arbeit\"><strong>Seit wann arbeiten Sie dort<\/strong><\/label><br>\n            <br>\n            Arbeiten sie noch keine 2 Jahre bei oben genanntem Arbeitgeber,<br>bitte nun den vorherigen Arbeitgeber angeben<br>\n            <label for=\"ALTArbeitgeber\"><strong>Vorheriger Arbeitgeber (Firmenname und Ort mit PLZ)<\/strong><\/label><br>\n            <br>\n        <\/fieldset>\n        <fieldset>\n            <legend><strong>Details zur Finanzierung<\/strong><\/legend>\n            <label for=\"maestro\"><strong>Maestro-Kartennummer<\/strong><\/label><br>\n            <br>\n            <label for=\"maestro_gueltig\"><strong>G\u00fcltig bis<\/strong><\/label><br>\n            <br>\n            <label for=\"BankLeitZahl\"><strong>Bankleitzahl<\/strong><\/label><br>\n            <br>\n            <label for=\"Bankinstitut\"><strong>Bankinstitut<\/strong><\/label><br>\n            <br>\n            <label for=\"Kontonummer\"><strong>Kontonummer<\/strong><\/label><br>\n            <br>\n            <label for=\"Anzahlung\"><strong>Anzahlung<\/strong><\/label><br>\n            <br>\n            <strong>Wann soll der Betrag abgebucht werden?<\/strong><br>\n            \n            <label for=\"fuenfzehn\">zum 15. eines Monats<\/label>              \n            \n            <label for=\"dreissig\">zum 30. eines Monats<\/label> \n            \n        <\/fieldset>\n    \n","protected":false},"excerpt":{"rendered":"<p>Sie m\u00f6chten einen Sattel auf Raten kaufen? Kein Problem. Beim Kauf eines neuen Sattels bieten wir unseren Kunden die 0%-Finanzierung an. \u00dcber diese Finanzierung k\u00f6nnen Sie sowohl Ihren neuen Sattel als auch Zubeh\u00f6r wie Trense, Pad oder Gebiss, etc. ab 250,00 \u20ac bis zu 5.000,00 \u20ac finanzieren.Es entstehen Ihnen keine weiteren Kosten oder Zinszahlungen. Beispiel: [&hellip;]<\/p>\n","protected":false},"author":1,"featured_media":0,"parent":0,"menu_order":0,"comment_status":"closed","ping_status":"closed","template":"","meta":{"spay_email":""},"jetpack_shortlink":"https:\/\/wp.me\/PaN5Yn-vd","_links":{"self":[{"href":"https:\/\/shop.saddleshop-aachen.de\/index.php\/wp-json\/wp\/v2\/pages\/1935"}],"collection":[{"href":"https:\/\/shop.saddleshop-aachen.de\/index.php\/wp-json\/wp\/v2\/pages"}],"about":[{"href":"https:\/\/shop.saddleshop-aachen.de\/index.php\/wp-json\/wp\/v2\/types\/page"}],"author":[{"embeddable":true,"href":"https:\/\/shop.saddleshop-aachen.de\/index.php\/wp-json\/wp\/v2\/users\/1"}],"replies":[{"embeddable":true,"href":"https:\/\/shop.saddleshop-aachen.de\/index.php\/wp-json\/wp\/v2\/comments?post=1935"}],"version-history":[{"count":3,"href":"https:\/\/shop.saddleshop-aachen.de\/index.php\/wp-json\/wp\/v2\/pages\/1935\/revisions"}],"predecessor-version":[{"id":2545,"href":"https:\/\/shop.saddleshop-aachen.de\/index.php\/wp-json\/wp\/v2\/pages\/1935\/revisions\/2545"}],"wp:attachment":[{"href":"https:\/\/shop.saddleshop-aachen.de\/index.php\/wp-json\/wp\/v2\/media?parent=1935"}],"curies":[{"name":"wp","href":"https:\/\/api.w.org\/{rel}","templated":true}]}}