{"id":21,"date":"2019-03-03T18:24:23","date_gmt":"2019-03-03T17:24:23","guid":{"rendered":"http:\/\/localhost\/wordpress\/?page_id=21"},"modified":"2023-06-19T17:14:53","modified_gmt":"2023-06-19T15:14:53","slug":"privatsphaere-und-datenschutz","status":"publish","type":"page","link":"https:\/\/shop.saddleshop-aachen.de\/index.php\/shop\/privatsphaere-und-datenschutz\/","title":{"rendered":"Privatsph\u00e4re und Datenschutz"},"content":{"rendered":"\n<h3>Personenbezogene Daten<\/h3>\n\n\n\n<p>Im Folgenden informieren wir \u00fcber die Erhebung personenbezogener  Daten bei Gesch\u00e4ftsabschl\u00fcssen. Personenbezogene Daten sind  Informationen, die auf Sie pers\u00f6nlich beziehbar sind. Darunter fallen  beispielsweise Ihr Name, Adressen wie z.B. Postanschrift und  Lieferadresse, E-Mail-Adressen, Telefonnummern, Zahlungsdaten, bestellte  Waren. Diese Auflistung ist nicht abschlie\u00dfend und soll Ihnen lediglich  veranschaulichen, was unter den Begriff der personenbezogenen Daten  fallen kann. Informationen, die nicht direkt mit Ihrer wirklichen  Identit\u00e4t in Verbindung gebracht werden (wie zum Beispiel favorisierte  Webseiten oder Anzahl der Nutzer einer Site) fallen nicht darunter.<br><br>  Der Schutz Ihrer personenbezogenen Daten nimmt der Saddleshop-Aachen  ernst. Bei dem sorgf\u00e4ltigen Umgang mit Ihren personenbezogenen Daten  halten wir uns an die gesetzlichen Bestimmungen des  Bundesdatenschutzgesetzes. Dies gilt insbesondere f\u00fcr die Erhebung,  Verarbeitung und Nutzung personenbezogenen Daten im Rahmen einer  Gesch\u00e4ftsabwicklung.<br>Technische- und organisatorische Ma\u00dfnahmen  wurden getroffen damit Vorschriften \u00fcber den Datenschutz sowohl von uns,  als auch von externen Dienstleistern beachtet werden.<br> Die Nutzung unserer Webseiten ist grunds\u00e4tzlich auch m\u00f6glich ohne personenbezogene Daten zu hinterlassen.<br><br>  Personenbezogene Daten, die Sie uns zur Verf\u00fcgung stellen, werden  ausschlie\u00dflich zweckgebunden erhoben, genutzt und verarbeitet. Sie  dienen in erster Linie der reibungslosen Abwicklung der Bestellung, der  Liefer- und Zahlungsabwicklung sowie ggfs. f\u00fcr die Abwicklung von  R\u00fccklieferungen und in Gew\u00e4hrleistungsf\u00e4llen. Eine Weitergabe  personenbezogener Daten an Dritte erfolgt nicht. Ausgenommen sind  Servicepartner, welche zur Abwicklung Ihrer Bestellung Daten ben\u00f6tigen.  Hierzu z\u00e4hlen z.B. Transportunternehmen und unsere  Finanzdienstleistungspartner. In diesen F\u00e4llen beschr\u00e4nkt sich der  Umfang der \u00fcbermittelten Daten jedoch nur auf das erforderliche Minimum.<br>  Weiterhin verwenden wir personenbezogene Daten f\u00fcr die Kundenbetreuung,  um beispielsweise \u00fcber Bestellungen, Produkte, Dienstleistungen und  Angebote zu informieren. Eine weitergehende Nutzung erfolgt nur, soweit  Sie eingewilligt haben.<br><br> Wenn Sie das Datenblatt zur  Sattelanprobe verwenden, m\u00fcssen wir einige personenbezogene Daten  erfragen. Es unterliegt Ihrer freien Entscheidung, ob Sie diese Daten  eingeben.<br><br> Personen unter 18 Jahren sollten ohne Zustimmung der  Eltern oder Erziehungsberechtigten keine personenbezogenen Daten an uns  \u00fcbermitteln.<br><br> Soweit wir gesetzlich oder per Gerichtsbeschluss  dazu verpflichtet sind, werden wir Ihre Daten an auskunftsberechtigte  Stellen \u00fcbermitteln.<br><br> Wenn Sie uns personenbezogene Daten  \u00fcberlassen haben, k\u00f6nnen Sie diese jederzeit wieder l\u00f6schen, soweit wir  nicht durch gesetzliche Aufbewahrungspflichten, etwa zu steuerlichen  oder buchhalterischen Zwecken, gehalten sind, diese Daten f\u00fcr einen  bestimmten Zeitraum zu speichern. In diesem Fall werden wir die Daten  unverz\u00fcglich nach Ablauf der Speicherfrist l\u00f6schen. Weiterhin k\u00f6nnen Sie  falsch erfasste Daten jederzeit korrigieren lassen.<br><br> Ihr Recht  auf Auskunft, Berichtigung, L\u00f6schung, Daten\u00fcbertragbarkeit und  Widerspruch k\u00f6nnen Sie gegen\u00fcber folgender Anschrift geltend machen:<br><br>SADDLESHOP-AACHEN<br>Birgit K\u00fcpper<br>Malmedyer Str. 52<br>52156 Monschau<br>Deutschland<br>Telefon: +49 (0) 2472 &#8211; 970 31 74<br>Email: <a href=\"mailto:mail@saddleshop-aachen.de\">mail@saddleshop-aachen.de<\/a><br><br><\/p>\n\n\n\n<h3>Cookies<\/h3>\n\n\n\n<p>In einigen Bereichen unseres Angebots verwenden wir Cookies um die \nSeiten nutzerfreundlicher, effektiver und sicherer zu machen. Wir weisen\n Sie an den entsprechenden Stellen darauf hin. Cookies sind kleine \nTextdateien, die auf Ihrem Rechner abgelegt werden und die Ihr Browser \nspeichert. Sie k\u00f6nnen jederzeit durch entsprechende Einstellungen ihres \nBrowsers das Setzen von Cookies ablehnen oder die Speicherung erst nach \nausdr\u00fccklicher Best\u00e4tigung erlauben.<\/p>\n\n\n\n<h3>Facebook &#8211; Von Pixel, Custom Audiences und Conversion<\/h3>\n\n\n\n<p>In einigen Bereichen unseres Angebots wird das sogenannte \n&#8220;Facebook-Pixel&#8221; des sozialen Netzwerkes Facebook verwendet. Diese \nFunktionalit\u00e4t wird durch das Unternehmen Facebook Inc. (&#8220;Facebook&#8221;) mit\n Sitz in 1 Hacker Way, Menlo Park, CA 94025, USA, bzw. Facebook Ireland \nLtd., 4 Grand Canal Square, Grand Canal Harbour, Dublin 2, Irland (als \nKontakt innerhalb der EU) bereitgestellt. Wir nutzen diese \nFunktionalit\u00e4t aus dem berechtigten Interesse an einem wirtschaftlichen \nBetrieb unseres Angebotes, zur Analyse und Optimierung des \nOnlineangebotes und Kampagnen.<\/p>\n\n\n\n<p>Durch das Facebook-Pixel werden Zielgruppen f\u00fcr die Darstellung von \nAnzeigen (&#8220;Facebook-Ads&#8221;) definiert. Uns ist es durch den Einsatz des \nFacebook-Pixels m\u00f6glich gezielte Facebook-Ads zu schalten und den \nZielkreis auf Fabcebook-Nutzer einzugrenzen, die in der Vergangenheit \nein Interesse an unserem Angebot gezeigt haben oder bestimmte Merkmale \naufweisen (z.B. Interesse an bestimmten Produkten oder Themenbereichen, \nbasierend auf den besuchten Webseiten), die wir an Facebook \u00fcbermitteln.\n Diese Funktionalit\u00e4t wird als \u201eCustom Audiences\u201c bezeichnet.<\/p>\n\n\n\n<p>So l\u00e4sst sich auch verhindern, dass unsere Facebook-Ads \nFacebook-Nutzer erreicht, die kein Interesse an unserem Angebot haben \nund sich ggf. durch die Facebook-Ads bel\u00e4stigt f\u00fchlen<\/p>\n\n\n\n<p>Das Facebook-Pixel unterst\u00fctzt uns bei der statistischen Auswertung \nunserer Kampagnen, da sich nachvollziehen l\u00e4sst, ob ein Facebook-Nutzer \ndurch einen Klick auf eine unsrer Werbeanzeigen auf unser Angebot \nzugegriffen hat. Diese Technik wird als \u201eConversion\u201c bezeichnet.<br>Eine Detailierte Beschreibung der oben genannten Funktionalit\u00e4ten ist im Facebook-Hilfebereich dokumentiert: <a href=\"https:\/\/de-de.facebook.com\/business\/help\/553691765029382\">https:\/\/de-de.facebook.com\/business\/help\/553691765029382<\/a><a href=\"https:\/\/www.facebook.com\/business\/help\/651294705016616.\">.<\/a><\/p>\n\n\n\n<p>Die Erfassung durch den Facebook-Pixel und die Verwendung Ihrer Daten\n zur Darstellung von Facebook-Ads k\u00f6nnen sie auf der Facebook-Seite \nwidersprechen und dazu den Hinweisen zur Einstellung nutzungsbasierter \nWerbung befolgen: <a href=\"https:\/\/www.facebook.com\/settings?tab=ads.\">https:\/\/www.facebook.com\/settings?tab=ads.<\/a>\n Diese Einstellungen erfolgen benutzerspezifisch und \nplattformunabh\u00e4ngig, gelten somit f\u00fcr alle Endger\u00e4te (Smartphone, \nTablet, Notebook, PC usw.).<\/p>\n\n\n\n<p>Die Datenrichtlinie von Facebook beschreibt wie die Verarbeitung der Daten erfolgt: <a href=\"https:\/\/de-de.facebook.com\/privacy\/explanation\">https:\/\/de-de.facebook.com\/privacy\/explanation<\/a><br>Das\n europ\u00e4ische Datenschutzrecht wird durch Facebook respektiert, was durch\n die Zertifizierung im Rahmen des Privacy-Shield-Abkommens garantiert \nwird (<a href=\"https:\/\/www.privacyshield.gov\/participant?id=a2zt0000000GnywAAC&amp;status=Active\">https:\/\/www.privacyshield.gov\/participant?id=a2zt0000000GnywAAC&amp;status=Active<\/a>).<\/p>\n\n\n\n<h3>Datenerhebung von nicht personenbezogene Daten zu statistischen Zwecken<\/h3>\n\n\n\n<p>Jeder Zugriff auf unsere Webseiten und jeder Abruf von Dateien auf \nSaddleshop-Aachen.de wird durch unseren Dienstleister protokolliert. Es \nwerden Ihre IP-Adresse, Datum und Uhrzeit der Anfrage, \nZeitzonendifferenz zur Greenwich Mean Time (GMT), Inhalt der Anforderung\n (konkrete Seite), Zugriffsstatus\/HTTP-Statuscode, jeweils \u00fcbertragene \nDatenmenge, der Referrer, Browser, Betriebssystem und dessen Oberfl\u00e4che,\n Sprache und Version der Browsersoftware sowie der erfolgreiche Abruf \nfestgehalten. Die Daten dienen ausschlie\u00dflich internen statistischen \nZwecken, insbesondere zur Auswertung der Zugriffe auf die Onlineangebote\n um diese st\u00e4ndig optimieren zu k\u00f6nnen. Eine Zusammenf\u00fchrung der \nerhobenen Daten mit anderen Datenquellen wird nicht vorgenommen. Wir \nwerden Daten, die wir bei Ihrem Besuch auf unseren Internetpr\u00e4senzen \nprotokolliert haben nur dann an Dritte weitergeben, soweit wir \ngesetzlich oder durch eine Gerichtsentscheidung hierzu verpflichtet sind\n oder wir die protokollierten Daten ben\u00f6tigen, um Angriffe auf unsere \nInfrastruktur straf- und\/oder zivilrechtlich verfolgen zu k\u00f6nnen.<br><br><\/p>\n\n\n\n<h3>Datensicherheit<\/h3>\n\n\n\n<p>Wir haben technische und organisatorische Sicherheitsvorkehrungen \neingerichtet, um Ihre Daten zu sch\u00fctzen, insbesondere gegen Verlust, \nManipulation oder unberechtigten Zugriff. Wir passen unsere \nSicherheitsvorkehrungen regelm\u00e4\u00dfig der fortlaufenden technischen \nEntwicklung an.<br><br><\/p>\n\n\n\n<h3>Aktualisierung dieser Datenschutzhinweise<\/h3>\n\n\n\n<p>Die rechtlichen Rahmenbedingungen f\u00fcr uns als Anbieter von \nDienstleistungen unterliegen naturgem\u00e4\u00df \u00c4nderungen und Anpassungen. \nDiese \u00c4nderungen und Anpassungen machen es ggf. erforderlich, diese \nDatenschutzhinweise zu aktualisieren. Wir informieren Sie an dieser \nStelle \u00fcber etwaige Neuerungen.<\/p>\n","protected":false},"excerpt":{"rendered":"<p>Personenbezogene Daten Im Folgenden informieren wir \u00fcber die Erhebung personenbezogener Daten bei Gesch\u00e4ftsabschl\u00fcssen. Personenbezogene Daten sind Informationen, die auf Sie pers\u00f6nlich beziehbar sind. Darunter fallen beispielsweise Ihr Name, Adressen wie z.B. Postanschrift und Lieferadresse, E-Mail-Adressen, Telefonnummern, Zahlungsdaten, bestellte Waren. Diese Auflistung ist nicht abschlie\u00dfend und soll Ihnen lediglich veranschaulichen, was unter den Begriff der personenbezogenen [&hellip;]<\/p>\n","protected":false},"author":1,"featured_media":0,"parent":7,"menu_order":0,"comment_status":"closed","ping_status":"closed","template":"","meta":{"spay_email":""},"jetpack_shortlink":"https:\/\/wp.me\/PaN5Yn-l","_links":{"self":[{"href":"https:\/\/shop.saddleshop-aachen.de\/index.php\/wp-json\/wp\/v2\/pages\/21"}],"collection":[{"href":"https:\/\/shop.saddleshop-aachen.de\/index.php\/wp-json\/wp\/v2\/pages"}],"about":[{"href":"https:\/\/shop.saddleshop-aachen.de\/index.php\/wp-json\/wp\/v2\/types\/page"}],"author":[{"embeddable":true,"href":"https:\/\/shop.saddleshop-aachen.de\/index.php\/wp-json\/wp\/v2\/users\/1"}],"replies":[{"embeddable":true,"href":"https:\/\/shop.saddleshop-aachen.de\/index.php\/wp-json\/wp\/v2\/comments?post=21"}],"version-history":[{"count":2,"href":"https:\/\/shop.saddleshop-aachen.de\/index.php\/wp-json\/wp\/v2\/pages\/21\/revisions"}],"predecessor-version":[{"id":2790,"href":"https:\/\/shop.saddleshop-aachen.de\/index.php\/wp-json\/wp\/v2\/pages\/21\/revisions\/2790"}],"up":[{"embeddable":true,"href":"https:\/\/shop.saddleshop-aachen.de\/index.php\/wp-json\/wp\/v2\/pages\/7"}],"wp:attachment":[{"href":"https:\/\/shop.saddleshop-aachen.de\/index.php\/wp-json\/wp\/v2\/media?parent=21"}],"curies":[{"name":"wp","href":"https:\/\/api.w.org\/{rel}","templated":true}]}}