{"id":1204,"date":"2019-07-23T08:19:38","date_gmt":"2019-07-23T06:19:38","guid":{"rendered":"https:\/\/shop.saddleshop-aachen.de\/?post_type=product&#038;p=1204"},"modified":"2023-06-20T09:40:16","modified_gmt":"2023-06-20T07:40:16","slug":"fiebings-liquid-glycerine-saddle-soap-spruehflasche-473ml-farblos","status":"publish","type":"product","link":"https:\/\/shop.saddleshop-aachen.de\/index.php\/produkt\/fiebings-liquid-glycerine-saddle-soap-spruehflasche-473ml-farblos\/","title":{"rendered":"Fiebing&#8217;s Liquid Glycerine Saddle Soap, Spr\u00fchflasche 473 ml, farblos"},"content":{"rendered":"<ul>\n<li>Fiebing&#8217;s Liquid Glycerine Saddle Soap =&gt; Sattelseife gebrauchsfertig zum Spr\u00fchen<\/li>\n<li>Nur aufspr\u00fchen und abwischen, die Zusammensetzung ist f\u00fcr den sofortigen Gebrauch optimiert<\/li>\n<li>Reinigt und sch\u00fctzt glatte Leder<\/li>\n<li>Durch polieren entsteht danach eine satte satin Oberfl\u00e4che<\/li>\n<li>Sehr einfache Anwendung im Vergleich zum Seifenblock<\/li>\n<li>Spr\u00fchflasche 473 ml<\/li>\n<li>Farblos<\/li>\n<\/ul>\n","protected":false},"excerpt":{"rendered":"<p>Fiebing&#8217;s Liquid Glycerine Saddle Soap =&gt; Sattelseife gebrauchsfertig zum Spr\u00fchen Nur aufspr\u00fchen und abwischen, die Zusammensetzung ist f\u00fcr den sofortigen Gebrauch optimiert Reinigt und sch\u00fctzt glatte Leder Durch polieren entsteht danach eine satte satin Oberfl\u00e4che Sehr einfache Anwendung im Vergleich zum Seifenblock Spr\u00fchflasche 473 ml Farblos<\/p>\n","protected":false},"featured_media":2507,"template":"","meta":{"spay_email":""},"_links":{"self":[{"href":"https:\/\/shop.saddleshop-aachen.de\/index.php\/wp-json\/wp\/v2\/product\/1204"}],"collection":[{"href":"https:\/\/shop.saddleshop-aachen.de\/index.php\/wp-json\/wp\/v2\/product"}],"about":[{"href":"https:\/\/shop.saddleshop-aachen.de\/index.php\/wp-json\/wp\/v2\/types\/product"}],"wp:featuredmedia":[{"embeddable":true,"href":"https:\/\/shop.saddleshop-aachen.de\/index.php\/wp-json\/wp\/v2\/media\/2507"}],"wp:attachment":[{"href":"https:\/\/shop.saddleshop-aachen.de\/index.php\/wp-json\/wp\/v2\/media?parent=1204"}],"curies":[{"name":"wp","href":"https:\/\/api.w.org\/{rel}","templated":true}]}}