{"id":1214,"date":"2019-07-23T09:01:56","date_gmt":"2019-07-23T07:01:56","guid":{"rendered":"https:\/\/shop.saddleshop-aachen.de\/?post_type=product&#038;p=1214"},"modified":"2023-06-20T09:00:37","modified_gmt":"2023-06-20T07:00:37","slug":"fiebings-saddle-lac-spruehdose-368g-farblos","status":"publish","type":"product","link":"https:\/\/shop.saddleshop-aachen.de\/index.php\/produkt\/fiebings-saddle-lac-spruehdose-368g-farblos\/","title":{"rendered":"Fiebing&#8217;s Saddle Lac, Spr\u00fchdose 368g, farblos"},"content":{"rendered":"<ul>\n<li>Fiebing&#8217;s Saddle Lac<\/li>\n<li>Sch\u00fctzt ihr Sattelzeug gegen Austrocknung und Verschmutzung bei Au\u00dfeneins\u00e4tzen<\/li>\n<li>Ein Hochglanz Finish, glatt und dabei flexibel, schnell trocknend<\/li>\n<li>Spr\u00fchdose 368g<\/li>\n<li>Farblos<\/li>\n<\/ul>\n","protected":false},"excerpt":{"rendered":"<p>Fiebing&#8217;s Saddle Lac Sch\u00fctzt ihr Sattelzeug gegen Austrocknung und Verschmutzung bei Au\u00dfeneins\u00e4tzen Ein Hochglanz Finish, glatt und dabei flexibel, schnell trocknend Spr\u00fchdose 368g Farblos<\/p>\n","protected":false},"featured_media":1215,"template":"","meta":{"spay_email":""},"_links":{"self":[{"href":"https:\/\/shop.saddleshop-aachen.de\/index.php\/wp-json\/wp\/v2\/product\/1214"}],"collection":[{"href":"https:\/\/shop.saddleshop-aachen.de\/index.php\/wp-json\/wp\/v2\/product"}],"about":[{"href":"https:\/\/shop.saddleshop-aachen.de\/index.php\/wp-json\/wp\/v2\/types\/product"}],"wp:featuredmedia":[{"embeddable":true,"href":"https:\/\/shop.saddleshop-aachen.de\/index.php\/wp-json\/wp\/v2\/media\/1215"}],"wp:attachment":[{"href":"https:\/\/shop.saddleshop-aachen.de\/index.php\/wp-json\/wp\/v2\/media?parent=1214"}],"curies":[{"name":"wp","href":"https:\/\/api.w.org\/{rel}","templated":true}]}}