{"id":1762,"date":"2020-09-30T11:20:44","date_gmt":"2020-09-30T09:20:44","guid":{"rendered":"https:\/\/shop.saddleshop-aachen.de\/?post_type=product&#038;p=1762"},"modified":"2023-06-16T10:27:28","modified_gmt":"2023-06-16T08:27:28","slug":"fiebings-aussie-leather-conditioner-400-g","status":"publish","type":"product","link":"https:\/\/shop.saddleshop-aachen.de\/index.php\/produkt\/fiebings-aussie-leather-conditioner-400-g\/","title":{"rendered":"Fiebing`s Aussie-Leather-Conditioner 400 g"},"content":{"rendered":"<ul>\n<li>entwickelt f\u00fcr australische Cowboys: Macht das Leder wiederstandsf\u00e4hig gegen Hitze, Trockenheit und bittere K\u00e4lte<\/li>\n<li>geeignet f\u00fcr Sattelzeug, Schuhe, Holster und Taschen.<\/li>\n<li>Dose, 400 g<\/li>\n<\/ul>\n","protected":false},"excerpt":{"rendered":"<p>entwickelt f\u00fcr australische Cowboys: Macht das Leder wiederstandsf\u00e4hig gegen Hitze, Trockenheit und bittere K\u00e4lte geeignet f\u00fcr Sattelzeug, Schuhe, Holster und Taschen. Dose, 400 g<\/p>\n","protected":false},"featured_media":2632,"template":"","meta":{"spay_email":""},"_links":{"self":[{"href":"https:\/\/shop.saddleshop-aachen.de\/index.php\/wp-json\/wp\/v2\/product\/1762"}],"collection":[{"href":"https:\/\/shop.saddleshop-aachen.de\/index.php\/wp-json\/wp\/v2\/product"}],"about":[{"href":"https:\/\/shop.saddleshop-aachen.de\/index.php\/wp-json\/wp\/v2\/types\/product"}],"wp:featuredmedia":[{"embeddable":true,"href":"https:\/\/shop.saddleshop-aachen.de\/index.php\/wp-json\/wp\/v2\/media\/2632"}],"wp:attachment":[{"href":"https:\/\/shop.saddleshop-aachen.de\/index.php\/wp-json\/wp\/v2\/media?parent=1762"}],"curies":[{"name":"wp","href":"https:\/\/api.w.org\/{rel}","templated":true}]}}