{"id":1773,"date":"2020-10-05T12:13:14","date_gmt":"2020-10-05T10:13:14","guid":{"rendered":"https:\/\/shop.saddleshop-aachen.de\/?post_type=product&#038;p=1773"},"modified":"2023-06-20T09:22:03","modified_gmt":"2023-06-20T07:22:03","slug":"oakwood-leder-reinigungs-pflegetuecher-inhalt-7-pack-a-20-stueck","status":"publish","type":"product","link":"https:\/\/shop.saddleshop-aachen.de\/index.php\/produkt\/oakwood-leder-reinigungs-pflegetuecher-inhalt-7-pack-a-20-stueck\/","title":{"rendered":"&#8220;OAKWOOD&#8221; Leder Reinigungs &#8211; &amp; Pfleget\u00fccher &#8211; Inhalt: 7 Pack \u00e1 20 St\u00fcck"},"content":{"rendered":"<ul>\n<li>&#8220;OAKWOOD&#8221; Leder Reinings &#8211; &amp; Pfleget\u00fccher<\/li>\n<li>Inhalt: 7 Pack \u00e1 20 St\u00fcck<br \/>\n<strong>Nicht f\u00fcr Velours- oder Nubukleder!<\/strong><\/li>\n<\/ul>\n","protected":false},"excerpt":{"rendered":"<p>&#8220;OAKWOOD&#8221; Leder Reinings &#8211; &amp; Pfleget\u00fccher Inhalt: 7 Pack \u00e1 20 St\u00fcck Nicht f\u00fcr Velours- oder Nubukleder!<\/p>\n","protected":false},"featured_media":1774,"template":"","meta":{"spay_email":""},"_links":{"self":[{"href":"https:\/\/shop.saddleshop-aachen.de\/index.php\/wp-json\/wp\/v2\/product\/1773"}],"collection":[{"href":"https:\/\/shop.saddleshop-aachen.de\/index.php\/wp-json\/wp\/v2\/product"}],"about":[{"href":"https:\/\/shop.saddleshop-aachen.de\/index.php\/wp-json\/wp\/v2\/types\/product"}],"wp:featuredmedia":[{"embeddable":true,"href":"https:\/\/shop.saddleshop-aachen.de\/index.php\/wp-json\/wp\/v2\/media\/1774"}],"wp:attachment":[{"href":"https:\/\/shop.saddleshop-aachen.de\/index.php\/wp-json\/wp\/v2\/media?parent=1773"}],"curies":[{"name":"wp","href":"https:\/\/api.w.org\/{rel}","templated":true}]}}