{"id":1777,"date":"2020-10-05T12:27:21","date_gmt":"2020-10-05T10:27:21","guid":{"rendered":"https:\/\/shop.saddleshop-aachen.de\/?post_type=product&#038;p=1777"},"modified":"2023-06-21T08:49:12","modified_gmt":"2023-06-21T06:49:12","slug":"fiebings-leather-sheen-flasche-946-ml-farblos","status":"publish","type":"product","link":"https:\/\/shop.saddleshop-aachen.de\/index.php\/produkt\/fiebings-leather-sheen-flasche-946-ml-farblos\/","title":{"rendered":"Fiebing&#8217;s Leather Sheen, Flasche 946 ml, farblos"},"content":{"rendered":"<ul>\n<li>Fiebing&#8217;s Leather Sheen<\/li>\n<li>Lederglanz mit flexibler und wasserabweisender Oberfl\u00e4che f\u00fcr vegetabile Leder<\/li>\n<li>Sch\u00fctzt das Leder vor dem Austrocknen<\/li>\n<li>Flasche 946 ml<\/li>\n<li>Farblos<\/li>\n<\/ul>\n","protected":false},"excerpt":{"rendered":"<p>Fiebing&#8217;s Leather Sheen Lederglanz mit flexibler und wasserabweisender Oberfl\u00e4che f\u00fcr vegetabile Leder Sch\u00fctzt das Leder vor dem Austrocknen Flasche 946 ml Farblos<\/p>\n","protected":false},"featured_media":2617,"template":"","meta":{"spay_email":""},"_links":{"self":[{"href":"https:\/\/shop.saddleshop-aachen.de\/index.php\/wp-json\/wp\/v2\/product\/1777"}],"collection":[{"href":"https:\/\/shop.saddleshop-aachen.de\/index.php\/wp-json\/wp\/v2\/product"}],"about":[{"href":"https:\/\/shop.saddleshop-aachen.de\/index.php\/wp-json\/wp\/v2\/types\/product"}],"wp:featuredmedia":[{"embeddable":true,"href":"https:\/\/shop.saddleshop-aachen.de\/index.php\/wp-json\/wp\/v2\/media\/2617"}],"wp:attachment":[{"href":"https:\/\/shop.saddleshop-aachen.de\/index.php\/wp-json\/wp\/v2\/media?parent=1777"}],"curies":[{"name":"wp","href":"https:\/\/api.w.org\/{rel}","templated":true}]}}