{"id":1781,"date":"2020-10-05T12:35:08","date_gmt":"2020-10-05T10:35:08","guid":{"rendered":"https:\/\/shop.saddleshop-aachen.de\/?post_type=product&#038;p=1781"},"modified":"2023-06-20T09:06:23","modified_gmt":"2023-06-20T07:06:23","slug":"fiebings-leather-sheen-flasche-379-l-farblos","status":"publish","type":"product","link":"https:\/\/shop.saddleshop-aachen.de\/index.php\/produkt\/fiebings-leather-sheen-flasche-379-l-farblos\/","title":{"rendered":"Fiebing&#8217;s Leather Sheen, Flasche 3,79 l, farblos"},"content":{"rendered":"<ul>\n<li>Fiebing&#8217;s Leather Sheen<\/li>\n<li>Lederglanz mit flexibler und wasserabweisender Oberfl\u00e4che f\u00fcr vegetabile Leder<\/li>\n<li>Sch\u00fctzt das Leder vor dem Austrocknen<\/li>\n<li>Flasche 3,79 l<\/li>\n<li>Farblos<\/li>\n<\/ul>\n","protected":false},"excerpt":{"rendered":"<p>Fiebing&#8217;s Leather Sheen Lederglanz mit flexibler und wasserabweisender Oberfl\u00e4che f\u00fcr vegetabile Leder Sch\u00fctzt das Leder vor dem Austrocknen Flasche 3,79 l Farblos<\/p>\n","protected":false},"featured_media":1780,"template":"","meta":{"spay_email":""},"_links":{"self":[{"href":"https:\/\/shop.saddleshop-aachen.de\/index.php\/wp-json\/wp\/v2\/product\/1781"}],"collection":[{"href":"https:\/\/shop.saddleshop-aachen.de\/index.php\/wp-json\/wp\/v2\/product"}],"about":[{"href":"https:\/\/shop.saddleshop-aachen.de\/index.php\/wp-json\/wp\/v2\/types\/product"}],"wp:featuredmedia":[{"embeddable":true,"href":"https:\/\/shop.saddleshop-aachen.de\/index.php\/wp-json\/wp\/v2\/media\/1780"}],"wp:attachment":[{"href":"https:\/\/shop.saddleshop-aachen.de\/index.php\/wp-json\/wp\/v2\/media?parent=1781"}],"curies":[{"name":"wp","href":"https:\/\/api.w.org\/{rel}","templated":true}]}}