{"id":1790,"date":"2020-10-07T11:06:30","date_gmt":"2020-10-07T09:06:30","guid":{"rendered":"https:\/\/shop.saddleshop-aachen.de\/?post_type=product&#038;p=1790"},"modified":"2023-06-20T08:38:00","modified_gmt":"2023-06-20T06:38:00","slug":"fiebings-100-pure-neatsfoot-oil-gallone-379-l-farblos","status":"publish","type":"product","link":"https:\/\/shop.saddleshop-aachen.de\/index.php\/produkt\/fiebings-100-pure-neatsfoot-oil-gallone-379-l-farblos\/","title":{"rendered":"Fiebing&#8217;s 100% pure Neatsfoot Oil, Gallone 3,79 l, farblos"},"content":{"rendered":"<ul>\n<li>Fiebing&#8217;s 100% pure Neatsfoot Oil Ist eine nat\u00fcrliche Konservierung f\u00fcr Lederartikel bei robusten Gebrauch<\/li>\n<li>Vor starker Beanspruchung kr\u00e4ftig einreiben, das Wasser perlt ab und einer Versteifung durch wiederholte Trocknungszyklen wird vorgebeugt<\/li>\n<li>Nicht f\u00fcr Nubuk- und Wildleder empfohlen<\/li>\n<li>Seit \u00fcber 100 Jahren bei Sattlern im Gebrauch<\/li>\n<li>Gallone 3,79 l<\/li>\n<li>Farblos<\/li>\n<\/ul>\n<p>&nbsp;<\/p>\n<h5>Abbildung zeigt Kanister 236ml.<\/h5>\n","protected":false},"excerpt":{"rendered":"<p>Fiebing&#8217;s 100% pure Neatsfoot Oil Ist eine nat\u00fcrliche Konservierung f\u00fcr Lederartikel bei robusten Gebrauch Vor starker Beanspruchung kr\u00e4ftig einreiben, das Wasser perlt ab und einer Versteifung durch wiederholte Trocknungszyklen wird vorgebeugt Nicht f\u00fcr Nubuk- und Wildleder empfohlen Seit \u00fcber 100 Jahren bei Sattlern im Gebrauch Gallone 3,79 l Farblos &nbsp; Abbildung zeigt Kanister 236ml.<\/p>\n","protected":false},"featured_media":1201,"template":"","meta":{"spay_email":""},"_links":{"self":[{"href":"https:\/\/shop.saddleshop-aachen.de\/index.php\/wp-json\/wp\/v2\/product\/1790"}],"collection":[{"href":"https:\/\/shop.saddleshop-aachen.de\/index.php\/wp-json\/wp\/v2\/product"}],"about":[{"href":"https:\/\/shop.saddleshop-aachen.de\/index.php\/wp-json\/wp\/v2\/types\/product"}],"wp:featuredmedia":[{"embeddable":true,"href":"https:\/\/shop.saddleshop-aachen.de\/index.php\/wp-json\/wp\/v2\/media\/1201"}],"wp:attachment":[{"href":"https:\/\/shop.saddleshop-aachen.de\/index.php\/wp-json\/wp\/v2\/media?parent=1790"}],"curies":[{"name":"wp","href":"https:\/\/api.w.org\/{rel}","templated":true}]}}