{"id":1792,"date":"2020-10-07T11:22:56","date_gmt":"2020-10-07T09:22:56","guid":{"rendered":"https:\/\/shop.saddleshop-aachen.de\/?post_type=product&#038;p=1792"},"modified":"2023-06-16T10:18:35","modified_gmt":"2023-06-16T08:18:35","slug":"fiebings-saddle-oil-gallone-379-l-farblos","status":"publish","type":"product","link":"https:\/\/shop.saddleshop-aachen.de\/index.php\/produkt\/fiebings-saddle-oil-gallone-379-l-farblos\/","title":{"rendered":"Fiebing&#8217;s Saddle Oil, Gallone 3,79 l, farblos"},"content":{"rendered":"<ul>\n<li>Fiebing&#8217;s Saddle Oil<\/li>\n<li>Ein Gemisch aus nat\u00fcrlichen \u00d6len, Wollwachs und Silikon\u00f6l zum nachfetten und konservieren der Lederausr\u00fcstung bei intensivem Au\u00dfeneinsatz<\/li>\n<li>Wollfett macht das Leder geschmeidig und Silikon\u00f6l l\u00e4\u00dft das Wasser abperlen<\/li>\n<li>Gallone 3,79 l<\/li>\n<li>Farblos<\/li>\n<\/ul>\n<p>&nbsp;<\/p>\n<h5>Abbildung zeigt Kanister 236ml.<\/h5>\n","protected":false},"excerpt":{"rendered":"<p>Fiebing&#8217;s Saddle Oil Ein Gemisch aus nat\u00fcrlichen \u00d6len, Wollwachs und Silikon\u00f6l zum nachfetten und konservieren der Lederausr\u00fcstung bei intensivem Au\u00dfeneinsatz Wollfett macht das Leder geschmeidig und Silikon\u00f6l l\u00e4\u00dft das Wasser abperlen Gallone 3,79 l Farblos &nbsp; Abbildung zeigt Kanister 236ml.<\/p>\n","protected":false},"featured_media":1203,"template":"","meta":{"spay_email":""},"_links":{"self":[{"href":"https:\/\/shop.saddleshop-aachen.de\/index.php\/wp-json\/wp\/v2\/product\/1792"}],"collection":[{"href":"https:\/\/shop.saddleshop-aachen.de\/index.php\/wp-json\/wp\/v2\/product"}],"about":[{"href":"https:\/\/shop.saddleshop-aachen.de\/index.php\/wp-json\/wp\/v2\/types\/product"}],"wp:featuredmedia":[{"embeddable":true,"href":"https:\/\/shop.saddleshop-aachen.de\/index.php\/wp-json\/wp\/v2\/media\/1203"}],"wp:attachment":[{"href":"https:\/\/shop.saddleshop-aachen.de\/index.php\/wp-json\/wp\/v2\/media?parent=1792"}],"curies":[{"name":"wp","href":"https:\/\/api.w.org\/{rel}","templated":true}]}}