{"id":1800,"date":"2020-10-12T23:33:35","date_gmt":"2020-10-12T21:33:35","guid":{"rendered":"https:\/\/shop.saddleshop-aachen.de\/?post_type=product&#038;p=1800"},"modified":"2023-06-16T10:22:58","modified_gmt":"2023-06-16T08:22:58","slug":"fiebings-water-protector-spruehdose-156-g-farblos","status":"publish","type":"product","link":"https:\/\/shop.saddleshop-aachen.de\/index.php\/produkt\/fiebings-water-protector-spruehdose-156-g-farblos\/","title":{"rendered":"Fiebing&#8217;s Water Protector, Spr\u00fchdose 156 g, farblos"},"content":{"rendered":"<ul>\n<li>Fiebing&#8217;s Water Protector =&gt; Leder- und Textil Impr\u00e4gnierung<\/li>\n<li>Das Schutzschild vor Flecken und Feuchtigkeit auf Velour- Nubuk- und Nappaleder: Unsichtbar, unf\u00fchlbar, geruchsfrei<\/li>\n<li>Spr\u00fchdose 156 g<\/li>\n<li>Farblos<\/li>\n<\/ul>\n","protected":false},"excerpt":{"rendered":"<p>Fiebing&#8217;s Water Protector =&gt; Leder- und Textil Impr\u00e4gnierung Das Schutzschild vor Flecken und Feuchtigkeit auf Velour- Nubuk- und Nappaleder: Unsichtbar, unf\u00fchlbar, geruchsfrei Spr\u00fchdose 156 g Farblos<\/p>\n","protected":false},"featured_media":1217,"template":"","meta":{"spay_email":""},"_links":{"self":[{"href":"https:\/\/shop.saddleshop-aachen.de\/index.php\/wp-json\/wp\/v2\/product\/1800"}],"collection":[{"href":"https:\/\/shop.saddleshop-aachen.de\/index.php\/wp-json\/wp\/v2\/product"}],"about":[{"href":"https:\/\/shop.saddleshop-aachen.de\/index.php\/wp-json\/wp\/v2\/types\/product"}],"wp:featuredmedia":[{"embeddable":true,"href":"https:\/\/shop.saddleshop-aachen.de\/index.php\/wp-json\/wp\/v2\/media\/1217"}],"wp:attachment":[{"href":"https:\/\/shop.saddleshop-aachen.de\/index.php\/wp-json\/wp\/v2\/media?parent=1800"}],"curies":[{"name":"wp","href":"https:\/\/api.w.org\/{rel}","templated":true}]}}