{"id":2059,"date":"2021-05-27T09:44:45","date_gmt":"2021-05-27T07:44:45","guid":{"rendered":"https:\/\/shop.saddleshop-aachen.de\/?post_type=product&#038;p=2059"},"modified":"2023-06-16T08:45:48","modified_gmt":"2023-06-16T06:45:48","slug":"36-x-34-show-pad-diamond-design-6207-burgundy-white","status":"publish","type":"product","link":"https:\/\/shop.saddleshop-aachen.de\/index.php\/produkt\/36-x-34-show-pad-diamond-design-6207-burgundy-white\/","title":{"rendered":"36&#8243; x 34&#8243; Show Pad &#8211; Diamond Design &#8211; #6207 &#8211; Burgundy \/ White"},"content":{"rendered":"<h4 class=\"product-info-title-desktop hidden-xs hidden-sm\" style=\"margin-bottom: 0.540791em\">36&#8243; x 34&#8243; Show Pad &#8211; Diamond Design &#8211; #6207 &#8211; Burgundy \/ White.<\/h4>\n<h4 class=\"product-info-title-desktop hidden-xs hidden-sm\" style=\"margin-bottom: 0.540791em\">Dieses Pad verf\u00fcgt \u00fcber eine gewebte Wolloberseite mit einem Rautenmuster.<br \/>\n1,75&#8243; dicke\u00a0 Filzunterseite und \u00fcbergro\u00dfe Lederaufs\u00e4tze.<\/h4>\n","protected":false},"excerpt":{"rendered":"<p>36&#8243; x 34&#8243; Show Pad &#8211; Diamond Design &#8211; #6207 &#8211; Burgundy \/ White. Dieses Pad verf\u00fcgt \u00fcber eine gewebte Wolloberseite mit einem Rautenmuster. 1,75&#8243; dicke\u00a0 Filzunterseite und \u00fcbergro\u00dfe Lederaufs\u00e4tze.<\/p>\n","protected":false},"featured_media":2132,"template":"","meta":{"spay_email":""},"_links":{"self":[{"href":"https:\/\/shop.saddleshop-aachen.de\/index.php\/wp-json\/wp\/v2\/product\/2059"}],"collection":[{"href":"https:\/\/shop.saddleshop-aachen.de\/index.php\/wp-json\/wp\/v2\/product"}],"about":[{"href":"https:\/\/shop.saddleshop-aachen.de\/index.php\/wp-json\/wp\/v2\/types\/product"}],"wp:featuredmedia":[{"embeddable":true,"href":"https:\/\/shop.saddleshop-aachen.de\/index.php\/wp-json\/wp\/v2\/media\/2132"}],"wp:attachment":[{"href":"https:\/\/shop.saddleshop-aachen.de\/index.php\/wp-json\/wp\/v2\/media?parent=2059"}],"curies":[{"name":"wp","href":"https:\/\/api.w.org\/{rel}","templated":true}]}}