{"id":2189,"date":"2021-08-27T08:56:36","date_gmt":"2021-08-27T06:56:36","guid":{"rendered":"https:\/\/shop.saddleshop-aachen.de\/?post_type=product&#038;p=2189"},"modified":"2023-06-20T08:52:53","modified_gmt":"2023-06-20T06:52:53","slug":"fiebings-liquid-glycerine-saddle-soap-gallone-379-l-farblos","status":"publish","type":"product","link":"https:\/\/shop.saddleshop-aachen.de\/index.php\/produkt\/fiebings-liquid-glycerine-saddle-soap-gallone-379-l-farblos\/","title":{"rendered":"Fiebing&#8217;s Liquid Glycerine Saddle Soap, Gallone 3,79 l, farblos"},"content":{"rendered":"<ul>\n<li>Fiebing&#8217;s Liquid Glycerine Saddle Soap =&gt; Sattelseife gebrauchsfertig zum Spr\u00fchen<\/li>\n<li>Nur aufspr\u00fchen und abwischen, die Zusammensetzung ist f\u00fcr den sofortigen Gebrauch optimiert<\/li>\n<li>Reinigt und sch\u00fctzt glatte Leder<\/li>\n<li>Durch polieren entsteht danach eine satte satin Oberfl\u00e4che<\/li>\n<li>Sehr einfache Anwendung im Vergleich zum Seifenblock<\/li>\n<li>Gallone 3,79 l<\/li>\n<li>Farblos<\/li>\n<\/ul>\n<p>&nbsp;<\/p>\n<h5>Abbildung zeigt Spr\u00fchflasche 473 ml<\/h5>\n","protected":false},"excerpt":{"rendered":"<p>Fiebing&#8217;s Liquid Glycerine Saddle Soap =&gt; Sattelseife gebrauchsfertig zum Spr\u00fchen Nur aufspr\u00fchen und abwischen, die Zusammensetzung ist f\u00fcr den sofortigen Gebrauch optimiert Reinigt und sch\u00fctzt glatte Leder Durch polieren entsteht danach eine satte satin Oberfl\u00e4che Sehr einfache Anwendung im Vergleich zum Seifenblock Gallone 3,79 l Farblos &nbsp; Abbildung zeigt Spr\u00fchflasche 473 ml<\/p>\n","protected":false},"featured_media":1205,"template":"","meta":{"spay_email":""},"_links":{"self":[{"href":"https:\/\/shop.saddleshop-aachen.de\/index.php\/wp-json\/wp\/v2\/product\/2189"}],"collection":[{"href":"https:\/\/shop.saddleshop-aachen.de\/index.php\/wp-json\/wp\/v2\/product"}],"about":[{"href":"https:\/\/shop.saddleshop-aachen.de\/index.php\/wp-json\/wp\/v2\/types\/product"}],"wp:featuredmedia":[{"embeddable":true,"href":"https:\/\/shop.saddleshop-aachen.de\/index.php\/wp-json\/wp\/v2\/media\/1205"}],"wp:attachment":[{"href":"https:\/\/shop.saddleshop-aachen.de\/index.php\/wp-json\/wp\/v2\/media?parent=2189"}],"curies":[{"name":"wp","href":"https:\/\/api.w.org\/{rel}","templated":true}]}}