{"id":2211,"date":"2021-08-30T11:39:19","date_gmt":"2021-08-30T09:39:19","guid":{"rendered":"https:\/\/shop.saddleshop-aachen.de\/?post_type=product&#038;p=2211"},"modified":"2023-06-20T09:45:22","modified_gmt":"2023-06-20T07:45:22","slug":"fiebings-prime-neatsfoot-oil-compound-mit-pinsel-940ml","status":"publish","type":"product","link":"https:\/\/shop.saddleshop-aachen.de\/index.php\/produkt\/fiebings-prime-neatsfoot-oil-compound-mit-pinsel-940ml\/","title":{"rendered":"Fiebing\u00b4s \u2013 Prime Neatsfoot Oil &#8211; Compound \u2013 mit Pinsel \/ 946ml"},"content":{"rendered":"<ul>\n<li>Fiebing\u00b4s \u2013 Prime Neatsfoot Oil &#8211; Compound \u2013 mit Pinsel \/ 946ml<\/li>\n<li>sehr gut geeignet zur Pflege von allen Lederprodukten ( Sattel, Boots, uvm. )<\/li>\n<li>impr\u00e4gniert und sch\u00fctzt das Leder durch das \u00e4therische \u00d6l vor Umwelteinfl\u00fcssen ( N\u00e4sse, Sonne, uvm. )<\/li>\n<\/ul>\n<h1><\/h1>\n","protected":false},"excerpt":{"rendered":"<p>Fiebing\u00b4s \u2013 Prime Neatsfoot Oil &#8211; Compound \u2013 mit Pinsel \/ 946ml sehr gut geeignet zur Pflege von allen Lederprodukten ( Sattel, Boots, uvm. ) impr\u00e4gniert und sch\u00fctzt das Leder durch das \u00e4therische \u00d6l vor Umwelteinfl\u00fcssen ( N\u00e4sse, Sonne, uvm. )<\/p>\n","protected":false},"featured_media":2635,"template":"","meta":{"spay_email":""},"_links":{"self":[{"href":"https:\/\/shop.saddleshop-aachen.de\/index.php\/wp-json\/wp\/v2\/product\/2211"}],"collection":[{"href":"https:\/\/shop.saddleshop-aachen.de\/index.php\/wp-json\/wp\/v2\/product"}],"about":[{"href":"https:\/\/shop.saddleshop-aachen.de\/index.php\/wp-json\/wp\/v2\/types\/product"}],"wp:featuredmedia":[{"embeddable":true,"href":"https:\/\/shop.saddleshop-aachen.de\/index.php\/wp-json\/wp\/v2\/media\/2635"}],"wp:attachment":[{"href":"https:\/\/shop.saddleshop-aachen.de\/index.php\/wp-json\/wp\/v2\/media?parent=2211"}],"curies":[{"name":"wp","href":"https:\/\/api.w.org\/{rel}","templated":true}]}}