{"id":2269,"date":"2021-09-09T10:48:15","date_gmt":"2021-09-09T08:48:15","guid":{"rendered":"https:\/\/shop.saddleshop-aachen.de\/?post_type=product&#038;p=2269"},"modified":"2022-06-13T10:46:15","modified_gmt":"2022-06-13T08:46:15","slug":"equiflex-rs-kurze-version","status":"publish","type":"product","link":"https:\/\/shop.saddleshop-aachen.de\/index.php\/produkt\/equiflex-rs-kurze-version\/","title":{"rendered":"Equiflex RS &#8211; kurze Version"},"content":{"rendered":"<p>RS steht f\u00fcr Reining Sport \u2013 designed in Funktion und Optik f\u00fcr den ambitionierten Westernreiter. Der neue Schnitt erm\u00f6glicht dem Reiter sehr guten Kontakt zum Pferd und viel Freiheit f\u00fcr die verschiedensten Man\u00f6ver. Serienm\u00e4\u00dfig dabei: Ausgedrehte Twist+Wrap-Fender und Bob Avila Alu Steigb\u00fcgel.<\/p>\n<p>Unseren Equiflex Reining Sport gibt es nun auch in einer kurzen Version.<\/p>\n<p>Grundpreis: 3.050,- \u20ac<\/p>\n<ul>\n<li>Full-Quarter<\/li>\n<li>Semi-Full-Quarter<\/li>\n<li>MW\/HW<\/li>\n<li>16&#8243;<\/li>\n<\/ul>\n","protected":false},"excerpt":{"rendered":"<p>RS steht f\u00fcr Reining Sport \u2013 designed in Funktion und Optik f\u00fcr den ambitionierten Westernreiter. Der neue Schnitt erm\u00f6glicht dem Reiter sehr guten Kontakt zum Pferd und viel Freiheit f\u00fcr die verschiedensten Man\u00f6ver. Serienm\u00e4\u00dfig dabei: Ausgedrehte Twist+Wrap-Fender und Bob Avila Alu Steigb\u00fcgel. Unseren Equiflex Reining Sport gibt es nun auch in einer kurzen Version. Grundpreis: [&hellip;]<\/p>\n","protected":false},"featured_media":693,"template":"","meta":{"spay_email":""},"_links":{"self":[{"href":"https:\/\/shop.saddleshop-aachen.de\/index.php\/wp-json\/wp\/v2\/product\/2269"}],"collection":[{"href":"https:\/\/shop.saddleshop-aachen.de\/index.php\/wp-json\/wp\/v2\/product"}],"about":[{"href":"https:\/\/shop.saddleshop-aachen.de\/index.php\/wp-json\/wp\/v2\/types\/product"}],"wp:featuredmedia":[{"embeddable":true,"href":"https:\/\/shop.saddleshop-aachen.de\/index.php\/wp-json\/wp\/v2\/media\/693"}],"wp:attachment":[{"href":"https:\/\/shop.saddleshop-aachen.de\/index.php\/wp-json\/wp\/v2\/media?parent=2269"}],"curies":[{"name":"wp","href":"https:\/\/api.w.org\/{rel}","templated":true}]}}