{"id":2316,"date":"2021-10-29T09:34:20","date_gmt":"2021-10-29T07:34:20","guid":{"rendered":"https:\/\/shop.saddleshop-aachen.de\/?post_type=product&#038;p=2316"},"modified":"2023-06-16T09:48:01","modified_gmt":"2023-06-16T07:48:01","slug":"keralux-lederpflege-set","status":"publish","type":"product","link":"https:\/\/shop.saddleshop-aachen.de\/index.php\/produkt\/keralux-lederpflege-set\/","title":{"rendered":"Keralux Lederpflege-Set"},"content":{"rendered":"<ul>\n<li><strong>Keralux Lederpflege-Set<\/strong><\/li>\n<li>mit Sanftreiniger und Pflegecreme<\/li>\n<li>gr\u00fcndliche Reinigung und sch\u00fctzende Pflege f\u00fcrs Glattleder<\/li>\n<\/ul>\n","protected":false},"excerpt":{"rendered":"<p>Keralux Lederpflege-Set mit Sanftreiniger und Pflegecreme gr\u00fcndliche Reinigung und sch\u00fctzende Pflege f\u00fcrs Glattleder<\/p>\n","protected":false},"featured_media":2351,"template":"","meta":{"spay_email":""},"_links":{"self":[{"href":"https:\/\/shop.saddleshop-aachen.de\/index.php\/wp-json\/wp\/v2\/product\/2316"}],"collection":[{"href":"https:\/\/shop.saddleshop-aachen.de\/index.php\/wp-json\/wp\/v2\/product"}],"about":[{"href":"https:\/\/shop.saddleshop-aachen.de\/index.php\/wp-json\/wp\/v2\/types\/product"}],"wp:featuredmedia":[{"embeddable":true,"href":"https:\/\/shop.saddleshop-aachen.de\/index.php\/wp-json\/wp\/v2\/media\/2351"}],"wp:attachment":[{"href":"https:\/\/shop.saddleshop-aachen.de\/index.php\/wp-json\/wp\/v2\/media?parent=2316"}],"curies":[{"name":"wp","href":"https:\/\/api.w.org\/{rel}","templated":true}]}}