{"id":2333,"date":"2021-11-09T11:45:34","date_gmt":"2021-11-09T10:45:34","guid":{"rendered":"https:\/\/shop.saddleshop-aachen.de\/?post_type=product&#038;p=2333"},"modified":"2023-06-16T09:48:37","modified_gmt":"2023-06-16T07:48:37","slug":"multitect-leder-und-textil-impraegnierung-400-ml","status":"publish","type":"product","link":"https:\/\/shop.saddleshop-aachen.de\/index.php\/produkt\/multitect-leder-und-textil-impraegnierung-400-ml\/","title":{"rendered":"MultiTect Leder- und Textil Impr\u00e4gnierung &#8211; 400 ml"},"content":{"rendered":"<ul>\n<li><strong>MultiTect Leder- und Textil Impr\u00e4gnierung<\/strong><\/li>\n<li>Das Schutzschild vor Flecken und Feuchtigkeit<\/li>\n<li>auf Velour- Nubuk- und Nappaleder: unsichtbar, unf\u00fchlbar, geruchsfrei<\/li>\n<li>Spr\u00fchdose 400 ml<\/li>\n<\/ul>\n","protected":false},"excerpt":{"rendered":"<p>MultiTect Leder- und Textil Impr\u00e4gnierung Das Schutzschild vor Flecken und Feuchtigkeit auf Velour- Nubuk- und Nappaleder: unsichtbar, unf\u00fchlbar, geruchsfrei Spr\u00fchdose 400 ml<\/p>\n","protected":false},"featured_media":2344,"template":"","meta":{"spay_email":""},"_links":{"self":[{"href":"https:\/\/shop.saddleshop-aachen.de\/index.php\/wp-json\/wp\/v2\/product\/2333"}],"collection":[{"href":"https:\/\/shop.saddleshop-aachen.de\/index.php\/wp-json\/wp\/v2\/product"}],"about":[{"href":"https:\/\/shop.saddleshop-aachen.de\/index.php\/wp-json\/wp\/v2\/types\/product"}],"wp:featuredmedia":[{"embeddable":true,"href":"https:\/\/shop.saddleshop-aachen.de\/index.php\/wp-json\/wp\/v2\/media\/2344"}],"wp:attachment":[{"href":"https:\/\/shop.saddleshop-aachen.de\/index.php\/wp-json\/wp\/v2\/media?parent=2333"}],"curies":[{"name":"wp","href":"https:\/\/api.w.org\/{rel}","templated":true}]}}