{"id":2337,"date":"2021-11-09T11:58:47","date_gmt":"2021-11-09T10:58:47","guid":{"rendered":"https:\/\/shop.saddleshop-aachen.de\/?post_type=product&#038;p=2337"},"modified":"2023-06-16T09:47:05","modified_gmt":"2023-06-16T07:47:05","slug":"multitectnubuklederpflege-nubuk-clean-care-250-ml","status":"publish","type":"product","link":"https:\/\/shop.saddleshop-aachen.de\/index.php\/produkt\/multitectnubuklederpflege-nubuk-clean-care-250-ml\/","title":{"rendered":"MultiTect Nubuklederpflege Nubuk Clean &amp; Care &#8211; 250 ml"},"content":{"rendered":"<ul>\n<li><strong>MultiTect Nubuklederpflege Nubuk Clean &amp; Care<\/strong><\/li>\n<li>Pflege und Reinigung f\u00fcr alle Nubukleder.<\/li>\n<li>Es gibt dem Leder wieder Geschmeidigkeit und wirkt gleichzeitig feuchtigkeitsabweisend.<\/li>\n<li>Gleichm\u00e4\u00dfig aufspr\u00fchen und mit einem fusselfreiem Tuch leicht \u00fcber das Leder zur Schmutzentfernung reiben.<\/li>\n<li>Nach dem Trocknen mit einer geeigneten (Nagel-)B\u00fcrste aufb\u00fcrsten.<\/li>\n<li>Spr\u00fchdose 250 ml<\/li>\n<\/ul>\n","protected":false},"excerpt":{"rendered":"<p>MultiTect Nubuklederpflege Nubuk Clean &amp; Care Pflege und Reinigung f\u00fcr alle Nubukleder. Es gibt dem Leder wieder Geschmeidigkeit und wirkt gleichzeitig feuchtigkeitsabweisend. Gleichm\u00e4\u00dfig aufspr\u00fchen und mit einem fusselfreiem Tuch leicht \u00fcber das Leder zur Schmutzentfernung reiben. Nach dem Trocknen mit einer geeigneten (Nagel-)B\u00fcrste aufb\u00fcrsten. Spr\u00fchdose 250 ml<\/p>\n","protected":false},"featured_media":2345,"template":"","meta":{"spay_email":""},"_links":{"self":[{"href":"https:\/\/shop.saddleshop-aachen.de\/index.php\/wp-json\/wp\/v2\/product\/2337"}],"collection":[{"href":"https:\/\/shop.saddleshop-aachen.de\/index.php\/wp-json\/wp\/v2\/product"}],"about":[{"href":"https:\/\/shop.saddleshop-aachen.de\/index.php\/wp-json\/wp\/v2\/types\/product"}],"wp:featuredmedia":[{"embeddable":true,"href":"https:\/\/shop.saddleshop-aachen.de\/index.php\/wp-json\/wp\/v2\/media\/2345"}],"wp:attachment":[{"href":"https:\/\/shop.saddleshop-aachen.de\/index.php\/wp-json\/wp\/v2\/media?parent=2337"}],"curies":[{"name":"wp","href":"https:\/\/api.w.org\/{rel}","templated":true}]}}