{"id":2574,"date":"2022-04-28T11:39:07","date_gmt":"2022-04-28T09:39:07","guid":{"rendered":"https:\/\/shop.saddleshop-aachen.de\/?post_type=product&#038;p=2574"},"modified":"2023-06-21T09:02:25","modified_gmt":"2023-06-21T07:02:25","slug":"fiebings-care-leather-cleaner-whipes-15-stueck","status":"publish","type":"product","link":"https:\/\/shop.saddleshop-aachen.de\/index.php\/produkt\/fiebings-care-leather-cleaner-whipes-15-stueck\/","title":{"rendered":"Fiebing\u00b4s Care Leather Cleaner Whipes &#8211; 15 St\u00fcck"},"content":{"rendered":"<ul>\n<li>Fiebing\u00b4s &#8211; Care Leather Cleaner Whipes<\/li>\n<li>15 St\u00fcck<\/li>\n<li>Reinigen Sie Ihre Lederwaren schnell und einfach mit den Pflege-Lederreinigern von Fiebing\u00b4s in einer praktischen Verpackung.<\/li>\n<li>Diese Einwegt\u00fccher sind ideal f\u00fcr den Einsatz zu Hause und unterwegs.<\/li>\n<li>Diese T\u00fccher entfernen Schmutz, Fett, Staub, Lebensmittel und Tintenflecken von allen Arten von glattem, fertigem Leder.<\/li>\n<li>Sie werden feststellen, dass sie sich hervorragend auf Tack, S\u00e4tteln, Stiefeln und anderen Lederwaren eignen.<\/li>\n<li>Die wiederverschlie\u00dfbare Verpackung enth\u00e4lt 15 T\u00fccher.<\/li>\n<\/ul>\n","protected":false},"excerpt":{"rendered":"<p>Fiebing\u00b4s &#8211; Care Leather Cleaner Whipes 15 St\u00fcck Reinigen Sie Ihre Lederwaren schnell und einfach mit den Pflege-Lederreinigern von Fiebing\u00b4s in einer praktischen Verpackung. Diese Einwegt\u00fccher sind ideal f\u00fcr den Einsatz zu Hause und unterwegs. Diese T\u00fccher entfernen Schmutz, Fett, Staub, Lebensmittel und Tintenflecken von allen Arten von glattem, fertigem Leder. Sie werden feststellen, dass [&hellip;]<\/p>\n","protected":false},"featured_media":2572,"template":"","meta":{"spay_email":""},"_links":{"self":[{"href":"https:\/\/shop.saddleshop-aachen.de\/index.php\/wp-json\/wp\/v2\/product\/2574"}],"collection":[{"href":"https:\/\/shop.saddleshop-aachen.de\/index.php\/wp-json\/wp\/v2\/product"}],"about":[{"href":"https:\/\/shop.saddleshop-aachen.de\/index.php\/wp-json\/wp\/v2\/types\/product"}],"wp:featuredmedia":[{"embeddable":true,"href":"https:\/\/shop.saddleshop-aachen.de\/index.php\/wp-json\/wp\/v2\/media\/2572"}],"wp:attachment":[{"href":"https:\/\/shop.saddleshop-aachen.de\/index.php\/wp-json\/wp\/v2\/media?parent=2574"}],"curies":[{"name":"wp","href":"https:\/\/api.w.org\/{rel}","templated":true}]}}