{"id":2636,"date":"2022-11-24T08:43:48","date_gmt":"2022-11-24T07:43:48","guid":{"rendered":"https:\/\/shop.saddleshop-aachen.de\/?post_type=product&#038;p=2636"},"modified":"2023-06-21T08:52:46","modified_gmt":"2023-06-21T06:52:46","slug":"fiebings-4-way-care-leather-conditioner-grosser-kanister-473-ml-farblos","status":"publish","type":"product","link":"https:\/\/shop.saddleshop-aachen.de\/index.php\/produkt\/fiebings-4-way-care-leather-conditioner-grosser-kanister-473-ml-farblos\/","title":{"rendered":"Fiebing&#8217;s 4-way Care Leather Conditioner, Gro\u00dfer Kanister 473 ml, farblos"},"content":{"rendered":"<ul>\n<li>Fiebing&#8217;s 4-way Care Leather Conditioner =&gt; Kombinierter Reiniger und Konservierer f\u00fcr Glattleder<\/li>\n<li>4-facher Schutz zum Impr\u00e4gnieren und Nachfetten:<br \/>\n&#8211; Kr\u00e4ftigt die einzelnen Lederfasen mit einer Mischung von ausgezeichneten Leder\u00f6len und Wachsen<br \/>\n&#8211; Versch\u00f6nert die Oberfl\u00e4che durch Wachse<br \/>\n&#8211; Wirkt schmutzabweisend<br \/>\n&#8211; Reinigt auch hochwertige und exotische Leder durch die integrierte Lederseife von Staub und Schmutz<\/li>\n<li>Besonders effektiv f\u00fcr Lederpolster und Leder-Autositze, es l\u00e4sst sich r\u00fcckstandslos verarbeiten<\/li>\n<li>Gro\u00dfer Kanister 473 ml<\/li>\n<li>Farblos<\/li>\n<\/ul>\n<h5>Abbildung zeigt Spr\u00fchflasche 946 ml.<\/h5>\n","protected":false},"excerpt":{"rendered":"<p>Fiebing&#8217;s 4-way Care Leather Conditioner =&gt; Kombinierter Reiniger und Konservierer f\u00fcr Glattleder 4-facher Schutz zum Impr\u00e4gnieren und Nachfetten: &#8211; Kr\u00e4ftigt die einzelnen Lederfasen mit einer Mischung von ausgezeichneten Leder\u00f6len und Wachsen &#8211; Versch\u00f6nert die Oberfl\u00e4che durch Wachse &#8211; Wirkt schmutzabweisend &#8211; Reinigt auch hochwertige und exotische Leder durch die integrierte Lederseife von Staub und Schmutz [&hellip;]<\/p>\n","protected":false},"featured_media":2637,"template":"","meta":{"spay_email":""},"_links":{"self":[{"href":"https:\/\/shop.saddleshop-aachen.de\/index.php\/wp-json\/wp\/v2\/product\/2636"}],"collection":[{"href":"https:\/\/shop.saddleshop-aachen.de\/index.php\/wp-json\/wp\/v2\/product"}],"about":[{"href":"https:\/\/shop.saddleshop-aachen.de\/index.php\/wp-json\/wp\/v2\/types\/product"}],"wp:featuredmedia":[{"embeddable":true,"href":"https:\/\/shop.saddleshop-aachen.de\/index.php\/wp-json\/wp\/v2\/media\/2637"}],"wp:attachment":[{"href":"https:\/\/shop.saddleshop-aachen.de\/index.php\/wp-json\/wp\/v2\/media?parent=2636"}],"curies":[{"name":"wp","href":"https:\/\/api.w.org\/{rel}","templated":true}]}}