{"id":2640,"date":"2022-11-24T08:55:17","date_gmt":"2022-11-24T07:55:17","guid":{"rendered":"https:\/\/shop.saddleshop-aachen.de\/?post_type=product&#038;p=2640"},"modified":"2023-06-16T10:16:53","modified_gmt":"2023-06-16T08:16:53","slug":"fiebings-saddle-oil-spruehdose-340g","status":"publish","type":"product","link":"https:\/\/shop.saddleshop-aachen.de\/index.php\/produkt\/fiebings-saddle-oil-spruehdose-340g\/","title":{"rendered":"Fiebing`s Saddle Oil, Spr\u00fchdose 340g"},"content":{"rendered":"<ul>\n<li>Fiebing`s Saddle Oil<\/li>\n<li>Ein Gemisch aus nat\u00fcrlichen \u00d6len, Wollwachs und Silikon\u00f6l zum nachfetten und konservieren der Lederausr\u00fcstung bei intensivem Au\u00dfeneinsatz. Wollfett macht das Leder geschmeidig und Silikon\u00f6l l\u00e4\u00dft das Wasser abperlen.<\/li>\n<li>Spr\u00fchdose 340g<\/li>\n<\/ul>\n","protected":false},"excerpt":{"rendered":"<p>Fiebing`s Saddle Oil Ein Gemisch aus nat\u00fcrlichen \u00d6len, Wollwachs und Silikon\u00f6l zum nachfetten und konservieren der Lederausr\u00fcstung bei intensivem Au\u00dfeneinsatz. Wollfett macht das Leder geschmeidig und Silikon\u00f6l l\u00e4\u00dft das Wasser abperlen. Spr\u00fchdose 340g<\/p>\n","protected":false},"featured_media":2641,"template":"","meta":{"spay_email":""},"_links":{"self":[{"href":"https:\/\/shop.saddleshop-aachen.de\/index.php\/wp-json\/wp\/v2\/product\/2640"}],"collection":[{"href":"https:\/\/shop.saddleshop-aachen.de\/index.php\/wp-json\/wp\/v2\/product"}],"about":[{"href":"https:\/\/shop.saddleshop-aachen.de\/index.php\/wp-json\/wp\/v2\/types\/product"}],"wp:featuredmedia":[{"embeddable":true,"href":"https:\/\/shop.saddleshop-aachen.de\/index.php\/wp-json\/wp\/v2\/media\/2641"}],"wp:attachment":[{"href":"https:\/\/shop.saddleshop-aachen.de\/index.php\/wp-json\/wp\/v2\/media?parent=2640"}],"curies":[{"name":"wp","href":"https:\/\/api.w.org\/{rel}","templated":true}]}}