{"id":663,"date":"2019-04-01T12:15:23","date_gmt":"2019-04-01T10:15:23","guid":{"rendered":"https:\/\/shop.saddleshop-aachen.de\/?post_type=product&#038;p=663"},"modified":"2022-06-13T10:48:46","modified_gmt":"2022-06-13T08:48:46","slug":"alabama-pleasure","status":"publish","type":"product","link":"https:\/\/shop.saddleshop-aachen.de\/index.php\/produkt\/alabama-pleasure\/","title":{"rendered":"Alabama Pleasure"},"content":{"rendered":"<p>Sattel f\u00fcr Pferde mit breiteren Schultern und hohem Widerrist. Facelift f\u00fcr noch bessern Komfort und mehr Kontakt zum Pferd. Erh\u00e4ltlich in hell und dunkel ge\u00f6lt oder dunkel gegerbt.<\/p>\n<p>Grundpreis: 2.790,- \u20ac<\/p>\n<ul>\n<li>Full-Quarter<\/li>\n<li>HW<\/li>\n<li>16&#8243;<\/li>\n<\/ul>\n","protected":false},"excerpt":{"rendered":"<p>Sattel f\u00fcr Pferde mit breiteren Schultern und hohem Widerrist. Facelift f\u00fcr noch bessern Komfort und mehr Kontakt zum Pferd. Erh\u00e4ltlich in hell und dunkel ge\u00f6lt oder dunkel gegerbt. Grundpreis: 2.790,- \u20ac Full-Quarter HW 16&#8243;<\/p>\n","protected":false},"featured_media":664,"template":"","meta":{"spay_email":""},"_links":{"self":[{"href":"https:\/\/shop.saddleshop-aachen.de\/index.php\/wp-json\/wp\/v2\/product\/663"}],"collection":[{"href":"https:\/\/shop.saddleshop-aachen.de\/index.php\/wp-json\/wp\/v2\/product"}],"about":[{"href":"https:\/\/shop.saddleshop-aachen.de\/index.php\/wp-json\/wp\/v2\/types\/product"}],"wp:featuredmedia":[{"embeddable":true,"href":"https:\/\/shop.saddleshop-aachen.de\/index.php\/wp-json\/wp\/v2\/media\/664"}],"wp:attachment":[{"href":"https:\/\/shop.saddleshop-aachen.de\/index.php\/wp-json\/wp\/v2\/media?parent=663"}],"curies":[{"name":"wp","href":"https:\/\/api.w.org\/{rel}","templated":true}]}}