{"id":672,"date":"2019-04-12T09:42:50","date_gmt":"2019-04-12T07:42:50","guid":{"rendered":"https:\/\/shop.saddleshop-aachen.de\/?post_type=product&#038;p=672"},"modified":"2022-06-13T10:51:43","modified_gmt":"2022-06-13T08:51:43","slug":"little-snake-dance","status":"publish","type":"product","link":"https:\/\/shop.saddleshop-aachen.de\/index.php\/produkt\/little-snake-dance\/","title":{"rendered":"Little Snake Dance"},"content":{"rendered":"<p>Kurz und leicht \u2013 nur 62cm Gesamtl\u00e4nge und 13kg Gesamtgewicht. Erh\u00e4ltlich in hell und dunkel ge\u00f6lt oder dunkel gegerbt.<\/p>\n<p>Grundpreis: 2.790,- \u20ac<\/p>\n<ul>\n<li>Semi-Quarter<\/li>\n<li>MW\/HW<\/li>\n<li>16\u201d<\/li>\n<\/ul>\n","protected":false},"excerpt":{"rendered":"<p>Kurz und leicht \u2013 nur 62cm Gesamtl\u00e4nge und 13kg Gesamtgewicht. Erh\u00e4ltlich in hell und dunkel ge\u00f6lt oder dunkel gegerbt. Grundpreis: 2.790,- \u20ac Semi-Quarter MW\/HW 16\u201d<\/p>\n","protected":false},"featured_media":674,"template":"","meta":{"spay_email":""},"_links":{"self":[{"href":"https:\/\/shop.saddleshop-aachen.de\/index.php\/wp-json\/wp\/v2\/product\/672"}],"collection":[{"href":"https:\/\/shop.saddleshop-aachen.de\/index.php\/wp-json\/wp\/v2\/product"}],"about":[{"href":"https:\/\/shop.saddleshop-aachen.de\/index.php\/wp-json\/wp\/v2\/types\/product"}],"wp:featuredmedia":[{"embeddable":true,"href":"https:\/\/shop.saddleshop-aachen.de\/index.php\/wp-json\/wp\/v2\/media\/674"}],"wp:attachment":[{"href":"https:\/\/shop.saddleshop-aachen.de\/index.php\/wp-json\/wp\/v2\/media?parent=672"}],"curies":[{"name":"wp","href":"https:\/\/api.w.org\/{rel}","templated":true}]}}