{"id":703,"date":"2019-04-16T08:04:15","date_gmt":"2019-04-16T06:04:15","guid":{"rendered":"https:\/\/shop.saddleshop-aachen.de\/?post_type=product&#038;p=703"},"modified":"2022-06-13T10:44:05","modified_gmt":"2022-06-13T08:44:05","slug":"buckaroo","status":"publish","type":"product","link":"https:\/\/shop.saddleshop-aachen.de\/index.php\/produkt\/buckaroo\/","title":{"rendered":"Buckaroo"},"content":{"rendered":"<p>Au\u00dfergew\u00f6hnlich sch\u00f6ner Buckaroo Sattel mit Legacy Punzierung.<\/p>\n<p>Grundpreis: 3.390,- \u20ac<\/p>\n<p>Dieser Sattel ist eine Sonderanfertigung und kann ganz individuell nach Ihren Anforderungen konfiguriert werden.<\/p>\n","protected":false},"excerpt":{"rendered":"<p>Au\u00dfergew\u00f6hnlich sch\u00f6ner Buckaroo Sattel mit Legacy Punzierung. Grundpreis: 3.390,- \u20ac Dieser Sattel ist eine Sonderanfertigung und kann ganz individuell nach Ihren Anforderungen konfiguriert werden.<\/p>\n","protected":false},"featured_media":704,"template":"","meta":{"spay_email":""},"_links":{"self":[{"href":"https:\/\/shop.saddleshop-aachen.de\/index.php\/wp-json\/wp\/v2\/product\/703"}],"collection":[{"href":"https:\/\/shop.saddleshop-aachen.de\/index.php\/wp-json\/wp\/v2\/product"}],"about":[{"href":"https:\/\/shop.saddleshop-aachen.de\/index.php\/wp-json\/wp\/v2\/types\/product"}],"wp:featuredmedia":[{"embeddable":true,"href":"https:\/\/shop.saddleshop-aachen.de\/index.php\/wp-json\/wp\/v2\/media\/704"}],"wp:attachment":[{"href":"https:\/\/shop.saddleshop-aachen.de\/index.php\/wp-json\/wp\/v2\/media?parent=703"}],"curies":[{"name":"wp","href":"https:\/\/api.w.org\/{rel}","templated":true}]}}