{"id":716,"date":"2019-04-16T09:42:18","date_gmt":"2019-04-16T07:42:18","guid":{"rendered":"https:\/\/shop.saddleshop-aachen.de\/?post_type=product&#038;p=716"},"modified":"2022-06-13T10:53:45","modified_gmt":"2022-06-13T08:53:45","slug":"matthias-graeber-pro-versatility","status":"publish","type":"product","link":"https:\/\/shop.saddleshop-aachen.de\/index.php\/produkt\/matthias-graeber-pro-versatility\/","title":{"rendered":"Matthias Gr\u00e4ber Pro Versatility"},"content":{"rendered":"<p>Dr. Matthias Gr\u00e4ber z\u00e4hlt zu den f\u00fchrenden Reitern der aufstrebenden Disziplin Ranch Versatility. Er ist vielen Westernreitern auch als langj\u00e4hriger Tierarzt der Nationalmannschaft Reining ein Begriff.<\/p>\n<p>Wir sind stolz darauf mit ihm einen Sattel speziell f\u00fcr die Disziplin Ranch Versatility entwickelt zu haben.<\/p>\n<p>Grundpreis: 6.390,- \u20ac<\/p>\n<p>Dieser Sattel ist eine Sonderanfertigung und kann ganz individuell nach Ihren Anforderungen konfiguriert werden.<\/p>\n","protected":false},"excerpt":{"rendered":"<p>Dr. Matthias Gr\u00e4ber z\u00e4hlt zu den f\u00fchrenden Reitern der aufstrebenden Disziplin Ranch Versatility. Er ist vielen Westernreitern auch als langj\u00e4hriger Tierarzt der Nationalmannschaft Reining ein Begriff. Wir sind stolz darauf mit ihm einen Sattel speziell f\u00fcr die Disziplin Ranch Versatility entwickelt zu haben. Grundpreis: 6.390,- \u20ac Dieser Sattel ist eine Sonderanfertigung und kann ganz individuell [&hellip;]<\/p>\n","protected":false},"featured_media":717,"template":"","meta":{"spay_email":""},"_links":{"self":[{"href":"https:\/\/shop.saddleshop-aachen.de\/index.php\/wp-json\/wp\/v2\/product\/716"}],"collection":[{"href":"https:\/\/shop.saddleshop-aachen.de\/index.php\/wp-json\/wp\/v2\/product"}],"about":[{"href":"https:\/\/shop.saddleshop-aachen.de\/index.php\/wp-json\/wp\/v2\/types\/product"}],"wp:featuredmedia":[{"embeddable":true,"href":"https:\/\/shop.saddleshop-aachen.de\/index.php\/wp-json\/wp\/v2\/media\/717"}],"wp:attachment":[{"href":"https:\/\/shop.saddleshop-aachen.de\/index.php\/wp-json\/wp\/v2\/media?parent=716"}],"curies":[{"name":"wp","href":"https:\/\/api.w.org\/{rel}","templated":true}]}}