{"id":718,"date":"2019-04-16T09:51:40","date_gmt":"2019-04-16T07:51:40","guid":{"rendered":"https:\/\/shop.saddleshop-aachen.de\/?post_type=product&#038;p=718"},"modified":"2022-06-13T10:57:46","modified_gmt":"2022-06-13T08:57:46","slug":"legacy-pro-reiner","status":"publish","type":"product","link":"https:\/\/shop.saddleshop-aachen.de\/index.php\/produkt\/legacy-pro-reiner\/","title":{"rendered":"Legacy Pro Reiner"},"content":{"rendered":"<p>Au\u00dfergew\u00f6hnlicher Sattel mit aufw\u00e4ndiger Punzierung in Antik-Optik. Tolle geschwungene Sattelform mit Silberbeschl\u00e4gen.<\/p>\n<p>Grundpreis: 6.390,- \u20ac<\/p>\n<p>Dieser Sattel ist eine Sonderanfertigung und kann ganz individuell nach Ihren Anforderungen konfiguriert werden.<\/p>\n","protected":false},"excerpt":{"rendered":"<p>Au\u00dfergew\u00f6hnlicher Sattel mit aufw\u00e4ndiger Punzierung in Antik-Optik. Tolle geschwungene Sattelform mit Silberbeschl\u00e4gen. Grundpreis: 6.390,- \u20ac Dieser Sattel ist eine Sonderanfertigung und kann ganz individuell nach Ihren Anforderungen konfiguriert werden.<\/p>\n","protected":false},"featured_media":719,"template":"","meta":{"spay_email":""},"_links":{"self":[{"href":"https:\/\/shop.saddleshop-aachen.de\/index.php\/wp-json\/wp\/v2\/product\/718"}],"collection":[{"href":"https:\/\/shop.saddleshop-aachen.de\/index.php\/wp-json\/wp\/v2\/product"}],"about":[{"href":"https:\/\/shop.saddleshop-aachen.de\/index.php\/wp-json\/wp\/v2\/types\/product"}],"wp:featuredmedia":[{"embeddable":true,"href":"https:\/\/shop.saddleshop-aachen.de\/index.php\/wp-json\/wp\/v2\/media\/719"}],"wp:attachment":[{"href":"https:\/\/shop.saddleshop-aachen.de\/index.php\/wp-json\/wp\/v2\/media?parent=718"}],"curies":[{"name":"wp","href":"https:\/\/api.w.org\/{rel}","templated":true}]}}